{"id":45243,"date":"2024-10-24T19:12:31","date_gmt":"2024-10-24T17:12:31","guid":{"rendered":"https:\/\/labelfree.nl\/product\/st704-classic-sweat\/"},"modified":"2026-04-26T02:04:02","modified_gmt":"2026-04-26T00:04:02","slug":"st704-classic-sweat","status":"publish","type":"product","link":"https:\/\/labelfree.nl\/de\/produkt\/st704-klassischer-schweis\/","title":{"rendered":"Sweatshirt, klassisches Sweatshirt"},"content":{"rendered":"<p><span style=\"color: #333333;\">Klassischer Unisex-Pullover. Isoli-Jersey-Gewebe, 280 g\/m\u00b2. Bequem und vielseitig.<\/span><\/p>\n<p><span style=\"color: #333333;\"><em>F\u00fcr die korrekte Farbdarstellung und -beschreibung klicken Sie auf das betreffende Hemd und anschlie\u00dfend erneut auf die Lupe.<\/em><\/span><\/p>\n<h3><span style=\"color: #5a7699;\"><strong>Klassisches Sweatshirt<\/strong><\/span><\/h3>\n<p><strong>Baumwolle und Polyester, Isoli 280 g\/m\u00b2<\/strong><\/p>\n<p><img decoding=\"async\" src=\"https:\/\/www.stormtextil.dk\/sites\/default\/files\/inline-images\/OTS100_label_19.HBD__1.jpg\" alt=\"\u00d6ko-Tex-zertifiziert\" \/><\/p>\n<ul>\n<li>Material: 65% gek\u00e4mmte Baumwolle \/ 35% Polyester<\/li>\n<li>Farbe Asche: 90% gek\u00e4mmte Baumwolle \/ 9% Polyester \/ 1% Viskose<\/li>\n<li>Isoli-Trikot<\/li>\n<li>Gewicht: 280 g\/m\u00b2<\/li>\n<li>Erh\u00e4ltlich in 12 Farben<\/li>\n<li>Erh\u00e4ltlich in Kindergr\u00f6\u00dfen von 4 Jahren bis 3XL<\/li>\n<li>Kleines Gr\u00f6\u00dfenetikett im Halsausschnitt<\/li>\n<li>Karton: 50 St\u00fcck. Verpackung: 10 St\u00fcck. Auch einzeln erh\u00e4ltlich.<\/li>\n<\/ul>\n<p><strong>\u00a0<\/strong><\/p>\n<h4><span style=\"color: #5a7699;\"><strong>Klassischer Unisex-Pullover \u2013 l\u00e4ssig und nachhaltig <\/strong><\/span><\/h4>\n<p>Das klassische Sweatshirt besteht aus gek\u00e4mmter Baumwolle und Polyester und bietet dadurch einen hohen Tragekomfort und au\u00dfergew\u00f6hnliche Langlebigkeit. Die gek\u00e4mmte Baumwolle sorgt f\u00fcr ein angenehmes Tragegef\u00fchl. Mit einem Gewicht von 280 g\/m\u00b2 ist es etwas leichter und angenehmer zu tragen als unser klassischer, schwerer Pullover. Geeignet f\u00fcr alle Figurtypen.<\/p>\n<p>Der Pullover hat einen klassischen Rundhalsausschnitt. Die gerippten Lycra-B\u00fcndchen und der Saum sorgen zusammen mit den Doppeln\u00e4hten f\u00fcr zus\u00e4tzliche Strapazierf\u00e4higkeit. Die klassischen B\u00fcndchen und der Saum verleihen ihm einen l\u00e4ssigen Look.<\/p>\n<h4><span style=\"color: #5a7699;\"><strong>Materialangaben<\/strong><\/span><\/h4>\n<p>Es besteht aus Isoli-Jersey (280 g\/m\u00b2). Isoli-Stoff wird als Single-Jersey gestrickt, wobei w\u00e4hrend der Produktion ein zus\u00e4tzlicher Faden auf der R\u00fcckseite eingearbeitet wird. Diese Seite wird oft angeraut oder angeraut, wodurch die R\u00fcckseite weich und warm wird.<\/p>\n<p>Das Grundmaterial besteht aus 651 % gek\u00e4mmter Baumwolle und 35 % Polyester und bietet ein optimales Verh\u00e4ltnis von Atmungsaktivit\u00e4t und Strapazierf\u00e4higkeit. F\u00fcr die Farbe Ash verwenden wir eine einzigartige Mischung aus 88 % Baumwolle, 11 % Polyester und 11 % Viskose, wodurch das Sweatshirt eine etwas andere Optik und Haptik erh\u00e4lt.<\/p>\n<h4><span style=\"color: #5a7699;\"><strong>Druck-, Stick- und Beschriftungsm\u00f6glichkeiten<\/strong><\/span><\/h4>\n<p>M\u00f6chten Sie unbedruckte Kleidung bestellen, mit Ihrem eigenen Design bedrucken lassen oder ben\u00f6tigen Sie selbst aufzubringende Drucke? Bei Labelfree steht Ihnen unser Team bei jedem Schritt zur Seite.<\/p>\n<p>Labelfree bietet verschiedene Druckm\u00f6glichkeiten, darunter Transferdruck, DTF, Siebdruck und Stickerei. Auch eigene Nackendrucke und Etiketten, beispielsweise auf den \u00c4rmel, sind m\u00f6glich.<\/p>\n<p>Ben\u00f6tigen Sie Hilfe bei Ihrem eigenen Design? Unsere Grafikdesigner unterst\u00fctzen Sie gerne. So stellen wir sicher, dass das Endprodukt perfekt auf Ihre Bed\u00fcrfnisse zugeschnitten ist. Sie erhalten immer zun\u00e4chst ein kostenloses, visuelles Angebot. Kontaktieren Sie uns, um die M\u00f6glichkeiten zur Erstellung Ihrer eigenen Kollektion zu erkunden.<\/p>\n<p>&nbsp;<\/p>\n<p>Gr\u00f6\u00dfentabelle<\/p>\n<p><img fetchpriority=\"high\" decoding=\"async\" class=\"\" src=\"https:\/\/www.stormtextil.dk\/sites\/default\/files\/product-image\/size-charts\/ST704_0.png\" alt=\"Gr\u00f6\u00dfentabelle ST704\" width=\"682\" height=\"83\" \/><\/p>\n<p>&nbsp;<\/p>\n<p>Pflegeanleitung<\/p>\n<p><img decoding=\"async\" class=\"\" src=\"https:\/\/www.stormtextil.dk\/sites\/default\/files\/product-image\/washing-instructions\/Storm_washing_instructions_60_11.png\" width=\"170\" height=\"26\" \/><\/p>\n<p>&nbsp;<\/p>","protected":false},"excerpt":{"rendered":"<p>Klassieke sweater, unisex. Isoli jersey stof, 280 g\/m\u00b2. Fijn draagcomfort en veelzijdig voor de juiste kleur weergave- en omschrijving klikt u op het betreffende shirt en nogmaals op het vergrootglas sweatshirt classic Katoen en polyester, Isoli 280 g\/m\u00b2 Materiaal: 65% gekamd katoen \/ 35% polyester Kleur Ash: 90% gekamd katoen \/ 9% polyester \/ 1% [&hellip;]<\/p>\n","protected":false},"featured_media":55041,"template":"","meta":{"_acf_changed":false},"product_brand":[],"product_cat":[109,424,108],"product_tag":[],"class_list":{"0":"post-45243","1":"product","2":"type-product","3":"status-publish","4":"has-post-thumbnail","6":"product_cat-crew-neck","7":"product_cat-sweaters","8":"product_cat-sweatshirts","9":"pa_size-12-14-jaar","10":"pa_size-2xl","11":"pa_size-3xl","12":"pa_size-4-6-jaar","13":"pa_size-8-10-jaar","14":"pa_size-l","15":"pa_size-m","16":"pa_size-s","17":"pa_size-xl","18":"pa_size-xs","19":"pa_size-xxl","21":"first","22":"instock","23":"taxable","24":"shipping-taxable","25":"purchasable","26":"product-type-variable"},"acf":[],"yoast_head":"<!-- This site is optimized with the Yoast SEO plugin v27.4 - https:\/\/yoast.com\/product\/yoast-seo-wordpress\/ -->\n<title>Sweatshirt Classic Sweat - Labelfree<\/title>\n<meta name=\"robots\" content=\"index, follow, max-snippet:-1, max-image-preview:large, max-video-preview:-1\" \/>\n<link rel=\"canonical\" href=\"https:\/\/labelfree.nl\/de\/produkt\/st704-klassischer-schweis\/\" \/>\n<meta property=\"og:locale\" content=\"de_DE\" \/>\n<meta property=\"og:type\" content=\"article\" \/>\n<meta property=\"og:title\" content=\"Sweatshirt Classic Sweat - Labelfree\" \/>\n<meta property=\"og:description\" content=\"Klassieke sweater, unisex. Isoli jersey stof, 280 g\/m\u00b2. Fijn draagcomfort en veelzijdig voor de juiste kleur weergave- en omschrijving klikt u op het betreffende shirt en nogmaals op het vergrootglas sweatshirt classic Katoen en polyester, Isoli 280 g\/m\u00b2 Materiaal: 65% gekamd katoen \/ 35% polyester Kleur Ash: 90% gekamd katoen \/ 9% polyester \/ 1% [&hellip;]\" \/>\n<meta property=\"og:url\" content=\"https:\/\/labelfree.nl\/de\/produkt\/st704-klassischer-schweis\/\" \/>\n<meta property=\"og:site_name\" content=\"Labelfree\" \/>\n<meta property=\"article:modified_time\" content=\"2026-04-26T00:04:02+00:00\" \/>\n<meta property=\"og:image\" content=\"https:\/\/labelfree.nl\/wp-content\/uploads\/2024\/10\/000704_ClassicSweat_01-1-scaled.jpg\" \/>\n\t<meta property=\"og:image:width\" content=\"1931\" \/>\n\t<meta property=\"og:image:height\" content=\"2560\" \/>\n\t<meta property=\"og:image:type\" content=\"image\/jpeg\" \/>\n<meta name=\"twitter:card\" content=\"summary_large_image\" \/>\n<meta name=\"twitter:label1\" content=\"Gesch\u00e4tzte Lesezeit\" \/>\n\t<meta name=\"twitter:data1\" content=\"3\u00a0Minuten\" \/>\n<script type=\"application\/ld+json\" class=\"yoast-schema-graph\">{\"@context\":\"https:\\\/\\\/schema.org\",\"@graph\":[{\"@type\":\"WebPage\",\"@id\":\"https:\\\/\\\/labelfree.nl\\\/product\\\/st704-classic-sweat\\\/\",\"url\":\"https:\\\/\\\/labelfree.nl\\\/product\\\/st704-classic-sweat\\\/\",\"name\":\"Sweatshirt Classic Sweat - Labelfree\",\"isPartOf\":{\"@id\":\"https:\\\/\\\/labelfree.nl\\\/#website\"},\"primaryImageOfPage\":{\"@id\":\"https:\\\/\\\/labelfree.nl\\\/product\\\/st704-classic-sweat\\\/#primaryimage\"},\"image\":{\"@id\":\"https:\\\/\\\/labelfree.nl\\\/product\\\/st704-classic-sweat\\\/#primaryimage\"},\"thumbnailUrl\":\"https:\\\/\\\/labelfree.nl\\\/wp-content\\\/uploads\\\/2024\\\/10\\\/000704_ClassicSweat_01-1-scaled.jpg\",\"datePublished\":\"2024-10-24T17:12:31+00:00\",\"dateModified\":\"2026-04-26T00:04:02+00:00\",\"breadcrumb\":{\"@id\":\"https:\\\/\\\/labelfree.nl\\\/product\\\/st704-classic-sweat\\\/#breadcrumb\"},\"inLanguage\":\"de\",\"potentialAction\":[{\"@type\":\"ReadAction\",\"target\":[\"https:\\\/\\\/labelfree.nl\\\/product\\\/st704-classic-sweat\\\/\"]}]},{\"@type\":\"ImageObject\",\"inLanguage\":\"de\",\"@id\":\"https:\\\/\\\/labelfree.nl\\\/product\\\/st704-classic-sweat\\\/#primaryimage\",\"url\":\"https:\\\/\\\/labelfree.nl\\\/wp-content\\\/uploads\\\/2024\\\/10\\\/000704_ClassicSweat_01-1-scaled.jpg\",\"contentUrl\":\"https:\\\/\\\/labelfree.nl\\\/wp-content\\\/uploads\\\/2024\\\/10\\\/000704_ClassicSweat_01-1-scaled.jpg\",\"width\":1931,\"height\":2560},{\"@type\":\"BreadcrumbList\",\"@id\":\"https:\\\/\\\/labelfree.nl\\\/product\\\/st704-classic-sweat\\\/#breadcrumb\",\"itemListElement\":[{\"@type\":\"ListItem\",\"position\":1,\"name\":\"Home\",\"item\":\"https:\\\/\\\/labelfree.nl\\\/\"},{\"@type\":\"ListItem\",\"position\":2,\"name\":\"Webshop\",\"item\":\"https:\\\/\\\/labelfree.nl\\\/webshop\\\/\"},{\"@type\":\"ListItem\",\"position\":3,\"name\":\"Sweatshirt Classic Sweat\"}]},{\"@type\":\"WebSite\",\"@id\":\"https:\\\/\\\/labelfree.nl\\\/#website\",\"url\":\"https:\\\/\\\/labelfree.nl\\\/\",\"name\":\"Labelfree\",\"description\":\"Brandless quality\",\"potentialAction\":[{\"@type\":\"SearchAction\",\"target\":{\"@type\":\"EntryPoint\",\"urlTemplate\":\"https:\\\/\\\/labelfree.nl\\\/?s={search_term_string}\"},\"query-input\":{\"@type\":\"PropertyValueSpecification\",\"valueRequired\":true,\"valueName\":\"search_term_string\"}}],\"inLanguage\":\"de\"}]}<\/script>\n<!-- \/ Yoast SEO plugin. -->","yoast_head_json":{"title":"Sweatshirt Classic Sweat - Etikettenfrei","robots":{"index":"index","follow":"follow","max-snippet":"max-snippet:-1","max-image-preview":"max-image-preview:large","max-video-preview":"max-video-preview:-1"},"canonical":"https:\/\/labelfree.nl\/de\/produkt\/st704-klassischer-schweis\/","og_locale":"de_DE","og_type":"article","og_title":"Sweatshirt Classic Sweat - Labelfree","og_description":"Klassieke sweater, unisex. Isoli jersey stof, 280 g\/m\u00b2. Fijn draagcomfort en veelzijdig voor de juiste kleur weergave- en omschrijving klikt u op het betreffende shirt en nogmaals op het vergrootglas sweatshirt classic Katoen en polyester, Isoli 280 g\/m\u00b2 Materiaal: 65% gekamd katoen \/ 35% polyester Kleur Ash: 90% gekamd katoen \/ 9% polyester \/ 1% [&hellip;]","og_url":"https:\/\/labelfree.nl\/de\/produkt\/st704-klassischer-schweis\/","og_site_name":"Labelfree","article_modified_time":"2026-04-26T00:04:02+00:00","og_image":[{"width":1931,"height":2560,"url":"https:\/\/labelfree.nl\/wp-content\/uploads\/2024\/10\/000704_ClassicSweat_01-1-scaled.jpg","type":"image\/jpeg"}],"twitter_card":"summary_large_image","twitter_misc":{"Gesch\u00e4tzte Lesezeit":"3\u00a0Minuten"},"schema":{"@context":"https:\/\/schema.org","@graph":[{"@type":"WebPage","@id":"https:\/\/labelfree.nl\/product\/st704-classic-sweat\/","url":"https:\/\/labelfree.nl\/product\/st704-classic-sweat\/","name":"Sweatshirt Classic Sweat - Etikettenfrei","isPartOf":{"@id":"https:\/\/labelfree.nl\/#website"},"primaryImageOfPage":{"@id":"https:\/\/labelfree.nl\/product\/st704-classic-sweat\/#primaryimage"},"image":{"@id":"https:\/\/labelfree.nl\/product\/st704-classic-sweat\/#primaryimage"},"thumbnailUrl":"https:\/\/labelfree.nl\/wp-content\/uploads\/2024\/10\/000704_ClassicSweat_01-1-scaled.jpg","datePublished":"2024-10-24T17:12:31+00:00","dateModified":"2026-04-26T00:04:02+00:00","breadcrumb":{"@id":"https:\/\/labelfree.nl\/product\/st704-classic-sweat\/#breadcrumb"},"inLanguage":"de","potentialAction":[{"@type":"ReadAction","target":["https:\/\/labelfree.nl\/product\/st704-classic-sweat\/"]}]},{"@type":"ImageObject","inLanguage":"de","@id":"https:\/\/labelfree.nl\/product\/st704-classic-sweat\/#primaryimage","url":"https:\/\/labelfree.nl\/wp-content\/uploads\/2024\/10\/000704_ClassicSweat_01-1-scaled.jpg","contentUrl":"https:\/\/labelfree.nl\/wp-content\/uploads\/2024\/10\/000704_ClassicSweat_01-1-scaled.jpg","width":1931,"height":2560},{"@type":"BreadcrumbList","@id":"https:\/\/labelfree.nl\/product\/st704-classic-sweat\/#breadcrumb","itemListElement":[{"@type":"ListItem","position":1,"name":"Home","item":"https:\/\/labelfree.nl\/"},{"@type":"ListItem","position":2,"name":"Webshop","item":"https:\/\/labelfree.nl\/webshop\/"},{"@type":"ListItem","position":3,"name":"Sweatshirt Classic Sweat"}]},{"@type":"WebSite","@id":"https:\/\/labelfree.nl\/#website","url":"https:\/\/labelfree.nl\/","name":"Etikettenfrei","description":"Markenlose Qualit\u00e4t","potentialAction":[{"@type":"SearchAction","target":{"@type":"EntryPoint","urlTemplate":"https:\/\/labelfree.nl\/?s={search_term_string}"},"query-input":{"@type":"PropertyValueSpecification","valueRequired":true,"valueName":"search_term_string"}}],"inLanguage":"de"}]}},"jetpack_sharing_enabled":true,"_links":{"self":[{"href":"https:\/\/labelfree.nl\/de\/wp-json\/wp\/v2\/product\/45243","targetHints":{"allow":["GET"]}}],"collection":[{"href":"https:\/\/labelfree.nl\/de\/wp-json\/wp\/v2\/product"}],"about":[{"href":"https:\/\/labelfree.nl\/de\/wp-json\/wp\/v2\/types\/product"}],"wp:featuredmedia":[{"embeddable":true,"href":"https:\/\/labelfree.nl\/de\/wp-json\/wp\/v2\/media\/55041"}],"wp:attachment":[{"href":"https:\/\/labelfree.nl\/de\/wp-json\/wp\/v2\/media?parent=45243"}],"wp:term":[{"taxonomy":"product_brand","embeddable":true,"href":"https:\/\/labelfree.nl\/de\/wp-json\/wp\/v2\/product_brand?post=45243"},{"taxonomy":"product_cat","embeddable":true,"href":"https:\/\/labelfree.nl\/de\/wp-json\/wp\/v2\/product_cat?post=45243"},{"taxonomy":"product_tag","embeddable":true,"href":"https:\/\/labelfree.nl\/de\/wp-json\/wp\/v2\/product_tag?post=45243"}],"curies":[{"name":"wp","href":"https:\/\/api.w.org\/{rel}","templated":true}]}}