{"id":45294,"date":"2024-10-24T19:13:05","date_gmt":"2024-10-24T17:13:05","guid":{"rendered":"https:\/\/labelfree.nl\/product\/st714-classic-hoodie\/"},"modified":"2026-04-29T02:03:13","modified_gmt":"2026-04-29T00:03:13","slug":"klassieke-hoodie-merkloos-b2b-printmogelijkheden-ontwerphulp","status":"publish","type":"product","link":"https:\/\/labelfree.nl\/de\/produkt\/st714-klassischer-kapuzenpullover\/","title":{"rendered":"Klassischer Hoodie \u2013 Markenlos"},"content":{"rendered":"<p><span style=\"color: #333333;\">Klassischer Hoodie aus gek\u00e4mmter Baumwolle. Markenfrei und nachhaltig. Isoli-Jersey-Gewebe, 280 g\/m\u00b2. Klassische Passform. Angenehm zu tragen und weich innen.<\/span><\/p>\n<p><span style=\"color: #333333;\"><em>F\u00fcr die korrekte Farbdarstellung und -beschreibung klicken Sie auf das betreffende Hemd und anschlie\u00dfend erneut auf die Lupe.<\/em><\/span><\/p>\n<h3><span style=\"color: #5a7699;\"><strong>Klassischer Hoodie \u2013 ohne Markenlogo<\/strong><\/span><\/h3>\n<p><strong>Baumwolle und Polyester, Isoli 280 g\/m\u00b2<\/strong><\/p>\n<p><img decoding=\"async\" src=\"https:\/\/www.stormtextil.dk\/sites\/default\/files\/inline-images\/OTS100_label_19.HBD__1.jpg\" alt=\"\u00d6ko-Tex-zertifiziert\" \/><\/p>\n<ul>\n<li>Zusammensetzung: 651 TP3T gek\u00e4mmte Baumwolle \/ 351 TP3T Polyester<\/li>\n<li>Heather Navy: 80% gek\u00e4mmte Baumwolle \/ 20% Polyester<\/li>\n<li>Ash: 90% gek\u00e4mmte Baumwolle \/ 9% Polyester \/ 1% Viskose<\/li>\n<li>Isoli-Trikot<\/li>\n<li>Gewicht: 280 g\/m\u00b2<\/li>\n<li>3-teilige Motorhaube<\/li>\n<li>Erh\u00e4ltlich in 9 Farben<\/li>\n<li>Erh\u00e4ltlich in Kindergr\u00f6\u00dfen von 4 Jahren bis 3XL<\/li>\n<li>Markenlos, kleines Gr\u00f6\u00dfenetikett im Halsausschnitt<\/li>\n<li>Geeignet f\u00fcr Siebdruck, Transferdruck, DTG-Druck und Stickerei<\/li>\n<li>Schachtel: 20 St\u00fcck. Einzelverpackung: 5 St\u00fcck. Auch einzeln erh\u00e4ltlich.<\/li>\n<\/ul>\n<p><strong>\u00a0<\/strong><\/p>\n<h4><span style=\"color: #5a7699;\"><strong>Klassischer Unisex-Hoodie \u2013 weich, bequem und strapazierf\u00e4hig <\/strong><\/span><\/h4>\n<p>Unser klassischer Hoodie besteht aus gek\u00e4mmter Baumwolle und Polyester und bietet dadurch einen hohen Tragekomfort und au\u00dfergew\u00f6hnliche Langlebigkeit. Die gek\u00e4mmte Baumwolle sorgt f\u00fcr ein angenehmes Tragegef\u00fchl. Mit einem Gewicht von 280 g\/m\u00b2 ist er etwas leichter und komfortabler als unsere klassischen, schwereren Modelle.<\/p>\n<p>Dieser Pullover verf\u00fcgt \u00fcber Achselzwickel f\u00fcr zus\u00e4tzlichen Komfort und besseres Feuchtigkeitsmanagement. Die mittig angebrachte Kapuze sorgt f\u00fcr eine ergonomische Passform und bietet neben dem hohen Tragekomfort ein besonderes Detail.<\/p>\n<p>Dieses Sweatshirt ist f\u00fcr Damen und Herren gleicherma\u00dfen geeignet. Es hat eine klassische Passform, die jeder Figur schmeichelt. Die gerippten Lycra-B\u00fcndchen und der Saum sowie die Doppeln\u00e4hte sorgen f\u00fcr zus\u00e4tzliche Strapazierf\u00e4higkeit. Die klassischen B\u00fcndchen und der Saum verleihen dem Sweatshirt einen l\u00e4ssigen Look. Es verf\u00fcgt \u00fcber eine klassische Kapuze mit innenliegenden Kordelz\u00fcgen und einem Metallverschluss.<\/p>\n<h4><span style=\"color: #5a7699;\"><strong>Materialangaben<\/strong><\/span><\/h4>\n<p>Es besteht aus Isoli-Jersey (280 g\/m\u00b2). Isoli-Stoff wird als Single-Jersey gestrickt, wobei w\u00e4hrend der Produktion ein zus\u00e4tzlicher Faden auf der R\u00fcckseite eingearbeitet wird. Diese Seite wird oft angeraut oder angeraut, wodurch die R\u00fcckseite weich und warm wird.<\/p>\n<p>Das Grundmaterial besteht aus 651 % gek\u00e4mmter Baumwolle und 35 % Polyester und bietet ein optimales Verh\u00e4ltnis von Atmungsaktivit\u00e4t und Strapazierf\u00e4higkeit. F\u00fcr die Farbe Ash verwenden wir eine einzigartige Mischung aus 90 % Baumwolle, 91 % Polyester und 11 % Viskose, wodurch das Sweatshirt eine etwas andere Optik und Haptik erh\u00e4lt.<\/p>\n<p>Dieser unbedruckte Hoodie eignet sich f\u00fcr Siebdruck, Transferdruck, DTG-Druck und Stickerei.<\/p>\n<h4><span style=\"color: #5a7699;\"><strong>Druck-, Stick- und Beschriftungsm\u00f6glichkeiten<\/strong><\/span><\/h4>\n<p>Unser gesamtes Sortiment eignet sich f\u00fcr B2B-Kunden. M\u00f6chten Sie unbedruckte Textilien bestellen, diese mit Ihrem eigenen Design bedrucken lassen oder ben\u00f6tigen Sie Druckvorlagen zum Selbstaufbringen? Das Team von Labelfree unterst\u00fctzt Sie gerne bei jedem Schritt.<\/p>\n<p>Labelfree bietet verschiedene Druckm\u00f6glichkeiten, darunter Transferdruck, DTF, Siebdruck und Stickerei. Auch eigene Nackendrucke und Etiketten, beispielsweise auf den \u00c4rmel, sind m\u00f6glich.<\/p>\n<p>Ben\u00f6tigen Sie Hilfe bei Ihrem eigenen Design? Unsere Grafikdesigner unterst\u00fctzen Sie gerne. So stellen wir sicher, dass das Endprodukt perfekt auf Ihre Bed\u00fcrfnisse zugeschnitten ist. Sie erhalten immer zun\u00e4chst ein kostenloses, visuelles Angebot. Kontaktieren Sie uns, um die M\u00f6glichkeiten zur Erstellung Ihrer eigenen Kollektion zu erkunden.<\/p>\n<p>&nbsp;<\/p>\n<p>Gr\u00f6\u00dfentabelle<\/p>\n<p><img fetchpriority=\"high\" decoding=\"async\" class=\"\" src=\"https:\/\/www.stormtextil.dk\/sites\/default\/files\/product-image\/size-charts\/ST714_1.png\" alt=\"Gr\u00f6\u00dfentabelle ST714\" width=\"682\" height=\"83\" \/><\/p>\n<p>&nbsp;<\/p>\n<p>Pflegeanleitung<\/p>\n<p><img decoding=\"async\" class=\"\" src=\"https:\/\/www.stormtextil.dk\/sites\/default\/files\/2018-04\/Storm_washing_instructions_40_56.gif\" width=\"166\" height=\"25\" \/><\/p>\n<p>&nbsp;<\/p>","protected":false},"excerpt":{"rendered":"<p>Standaard hoodie, gekamd katoen. Merkvrij en duurzaam. Isoli jersey stof, 280 g\/m\u00b2. Klassieke fit. Fijn draagcomfort en zachte binnenkant voor de juiste kleur weergave- en omschrijving klikt u op het betreffende shirt en nogmaals op het vergrootglas Klassieke hoodie &#8211; merkloos Katoen en polyester, Isoli 280 g\/m\u00b2 Samenstelling: 65% gekamd katoen \/ 35%\u00a0 polyester Heather [&hellip;]<\/p>\n","protected":false},"featured_media":57037,"template":"","meta":{"_acf_changed":false},"product_brand":[],"product_cat":[110,424,108],"product_tag":[],"class_list":{"0":"post-45294","1":"product","2":"type-product","3":"status-publish","4":"has-post-thumbnail","6":"product_cat-hooded-sweat","7":"product_cat-sweaters","8":"product_cat-sweatshirts","9":"pa_size-12-14-jaar","10":"pa_size-2xl","11":"pa_size-3xl","12":"pa_size-4-6-jaar","13":"pa_size-8-10-jaar","14":"pa_size-l","15":"pa_size-m","16":"pa_size-s","17":"pa_size-xl","18":"pa_size-xs","19":"pa_size-xxl","21":"first","22":"instock","23":"taxable","24":"shipping-taxable","25":"purchasable","26":"product-type-variable"},"acf":[],"yoast_head":"<!-- This site is optimized with the Yoast SEO plugin v27.4 - https:\/\/yoast.com\/product\/yoast-seo-wordpress\/ -->\n<title>Klassieke Hoodie - merkloos - Labelfree<\/title>\n<meta name=\"description\" content=\"Standaard hoodie, gekamd katoen en polyester. Isoli jersey, 280 g\/m\u00b2. Zachte binnenkant. Geschikt voor zeefdruk, transfer, DTG en borduren. Labelfree\" \/>\n<meta name=\"robots\" content=\"index, follow, max-snippet:-1, max-image-preview:large, max-video-preview:-1\" \/>\n<link rel=\"canonical\" href=\"https:\/\/labelfree.nl\/de\/produkt\/st714-klassischer-kapuzenpullover\/\" \/>\n<meta property=\"og:locale\" content=\"de_DE\" \/>\n<meta property=\"og:type\" content=\"article\" \/>\n<meta property=\"og:title\" content=\"Klassieke Hoodie - merkloos - Labelfree\" \/>\n<meta property=\"og:description\" content=\"Standaard hoodie, gekamd katoen en polyester. Isoli jersey, 280 g\/m\u00b2. Zachte binnenkant. Geschikt voor zeefdruk, transfer, DTG en borduren. Labelfree\" \/>\n<meta property=\"og:url\" content=\"https:\/\/labelfree.nl\/de\/produkt\/st714-klassischer-kapuzenpullover\/\" \/>\n<meta property=\"og:site_name\" content=\"Labelfree\" \/>\n<meta property=\"article:modified_time\" content=\"2026-04-29T00:03:13+00:00\" \/>\n<meta property=\"og:image\" content=\"https:\/\/labelfree.nl\/wp-content\/uploads\/2024\/10\/000714_HeatherNavy_86_front.jpg\" \/>\n\t<meta property=\"og:image:width\" content=\"1080\" \/>\n\t<meta property=\"og:image:height\" content=\"1080\" \/>\n\t<meta property=\"og:image:type\" content=\"image\/jpeg\" \/>\n<meta name=\"twitter:card\" content=\"summary_large_image\" \/>\n<meta name=\"twitter:label1\" content=\"Gesch\u00e4tzte Lesezeit\" \/>\n\t<meta name=\"twitter:data1\" content=\"4\u00a0Minuten\" \/>\n<script type=\"application\/ld+json\" class=\"yoast-schema-graph\">{\"@context\":\"https:\\\/\\\/schema.org\",\"@graph\":[{\"@type\":\"WebPage\",\"@id\":\"https:\\\/\\\/labelfree.nl\\\/product\\\/klassieke-hoodie-merkloos-b2b-printmogelijkheden-ontwerphulp\\\/\",\"url\":\"https:\\\/\\\/labelfree.nl\\\/product\\\/klassieke-hoodie-merkloos-b2b-printmogelijkheden-ontwerphulp\\\/\",\"name\":\"Klassieke Hoodie - merkloos - Labelfree\",\"isPartOf\":{\"@id\":\"https:\\\/\\\/labelfree.nl\\\/#website\"},\"primaryImageOfPage\":{\"@id\":\"https:\\\/\\\/labelfree.nl\\\/product\\\/klassieke-hoodie-merkloos-b2b-printmogelijkheden-ontwerphulp\\\/#primaryimage\"},\"image\":{\"@id\":\"https:\\\/\\\/labelfree.nl\\\/product\\\/klassieke-hoodie-merkloos-b2b-printmogelijkheden-ontwerphulp\\\/#primaryimage\"},\"thumbnailUrl\":\"https:\\\/\\\/labelfree.nl\\\/wp-content\\\/uploads\\\/2024\\\/10\\\/000714_HeatherNavy_86_front.jpg\",\"datePublished\":\"2024-10-24T17:13:05+00:00\",\"dateModified\":\"2026-04-29T00:03:13+00:00\",\"description\":\"Standaard hoodie, gekamd katoen en polyester. Isoli jersey, 280 g\\\/m\u00b2. Zachte binnenkant. Geschikt voor zeefdruk, transfer, DTG en borduren. Labelfree\",\"breadcrumb\":{\"@id\":\"https:\\\/\\\/labelfree.nl\\\/product\\\/klassieke-hoodie-merkloos-b2b-printmogelijkheden-ontwerphulp\\\/#breadcrumb\"},\"inLanguage\":\"de\",\"potentialAction\":[{\"@type\":\"ReadAction\",\"target\":[\"https:\\\/\\\/labelfree.nl\\\/product\\\/klassieke-hoodie-merkloos-b2b-printmogelijkheden-ontwerphulp\\\/\"]}]},{\"@type\":\"ImageObject\",\"inLanguage\":\"de\",\"@id\":\"https:\\\/\\\/labelfree.nl\\\/product\\\/klassieke-hoodie-merkloos-b2b-printmogelijkheden-ontwerphulp\\\/#primaryimage\",\"url\":\"https:\\\/\\\/labelfree.nl\\\/wp-content\\\/uploads\\\/2024\\\/10\\\/000714_HeatherNavy_86_front.jpg\",\"contentUrl\":\"https:\\\/\\\/labelfree.nl\\\/wp-content\\\/uploads\\\/2024\\\/10\\\/000714_HeatherNavy_86_front.jpg\",\"width\":1080,\"height\":1080,\"caption\":\"HEATHER NAVY\"},{\"@type\":\"BreadcrumbList\",\"@id\":\"https:\\\/\\\/labelfree.nl\\\/product\\\/klassieke-hoodie-merkloos-b2b-printmogelijkheden-ontwerphulp\\\/#breadcrumb\",\"itemListElement\":[{\"@type\":\"ListItem\",\"position\":1,\"name\":\"Home\",\"item\":\"https:\\\/\\\/labelfree.nl\\\/\"},{\"@type\":\"ListItem\",\"position\":2,\"name\":\"Webshop\",\"item\":\"https:\\\/\\\/labelfree.nl\\\/webshop\\\/\"},{\"@type\":\"ListItem\",\"position\":3,\"name\":\"Klassieke Hoodie &#8211; merkloos\"}]},{\"@type\":\"WebSite\",\"@id\":\"https:\\\/\\\/labelfree.nl\\\/#website\",\"url\":\"https:\\\/\\\/labelfree.nl\\\/\",\"name\":\"Labelfree\",\"description\":\"Brandless quality\",\"potentialAction\":[{\"@type\":\"SearchAction\",\"target\":{\"@type\":\"EntryPoint\",\"urlTemplate\":\"https:\\\/\\\/labelfree.nl\\\/?s={search_term_string}\"},\"query-input\":{\"@type\":\"PropertyValueSpecification\",\"valueRequired\":true,\"valueName\":\"search_term_string\"}}],\"inLanguage\":\"de\"}]}<\/script>\n<!-- \/ Yoast SEO plugin. -->","yoast_head_json":{"title":"Klassischer Hoodie \u2013 markenlos","description":"Standard-Hoodie aus gek\u00e4mmter Baumwolle und Polyester. 280 g\/m\u00b2 Isoli-Jersey. Weiches Innenfutter. Geeignet f\u00fcr Siebdruck, Transferdruck, DTG-Druck und Stickerei. Ohne Etikett.","robots":{"index":"index","follow":"follow","max-snippet":"max-snippet:-1","max-image-preview":"max-image-preview:large","max-video-preview":"max-video-preview:-1"},"canonical":"https:\/\/labelfree.nl\/de\/produkt\/st714-klassischer-kapuzenpullover\/","og_locale":"de_DE","og_type":"article","og_title":"Klassieke Hoodie - merkloos - Labelfree","og_description":"Standaard hoodie, gekamd katoen en polyester. Isoli jersey, 280 g\/m\u00b2. Zachte binnenkant. Geschikt voor zeefdruk, transfer, DTG en borduren. Labelfree","og_url":"https:\/\/labelfree.nl\/de\/produkt\/st714-klassischer-kapuzenpullover\/","og_site_name":"Labelfree","article_modified_time":"2026-04-29T00:03:13+00:00","og_image":[{"width":1080,"height":1080,"url":"https:\/\/labelfree.nl\/wp-content\/uploads\/2024\/10\/000714_HeatherNavy_86_front.jpg","type":"image\/jpeg"}],"twitter_card":"summary_large_image","twitter_misc":{"Gesch\u00e4tzte Lesezeit":"4\u00a0Minuten"},"schema":{"@context":"https:\/\/schema.org","@graph":[{"@type":"WebPage","@id":"https:\/\/labelfree.nl\/product\/klassieke-hoodie-merkloos-b2b-printmogelijkheden-ontwerphulp\/","url":"https:\/\/labelfree.nl\/product\/klassieke-hoodie-merkloos-b2b-printmogelijkheden-ontwerphulp\/","name":"Klassischer Hoodie \u2013 markenlos","isPartOf":{"@id":"https:\/\/labelfree.nl\/#website"},"primaryImageOfPage":{"@id":"https:\/\/labelfree.nl\/product\/klassieke-hoodie-merkloos-b2b-printmogelijkheden-ontwerphulp\/#primaryimage"},"image":{"@id":"https:\/\/labelfree.nl\/product\/klassieke-hoodie-merkloos-b2b-printmogelijkheden-ontwerphulp\/#primaryimage"},"thumbnailUrl":"https:\/\/labelfree.nl\/wp-content\/uploads\/2024\/10\/000714_HeatherNavy_86_front.jpg","datePublished":"2024-10-24T17:13:05+00:00","dateModified":"2026-04-29T00:03:13+00:00","description":"Standard-Hoodie aus gek\u00e4mmter Baumwolle und Polyester. 280 g\/m\u00b2 Isoli-Jersey. Weiches Innenfutter. Geeignet f\u00fcr Siebdruck, Transferdruck, DTG-Druck und Stickerei. Ohne Etikett.","breadcrumb":{"@id":"https:\/\/labelfree.nl\/product\/klassieke-hoodie-merkloos-b2b-printmogelijkheden-ontwerphulp\/#breadcrumb"},"inLanguage":"de","potentialAction":[{"@type":"ReadAction","target":["https:\/\/labelfree.nl\/product\/klassieke-hoodie-merkloos-b2b-printmogelijkheden-ontwerphulp\/"]}]},{"@type":"ImageObject","inLanguage":"de","@id":"https:\/\/labelfree.nl\/product\/klassieke-hoodie-merkloos-b2b-printmogelijkheden-ontwerphulp\/#primaryimage","url":"https:\/\/labelfree.nl\/wp-content\/uploads\/2024\/10\/000714_HeatherNavy_86_front.jpg","contentUrl":"https:\/\/labelfree.nl\/wp-content\/uploads\/2024\/10\/000714_HeatherNavy_86_front.jpg","width":1080,"height":1080,"caption":"HEATHER NAVY"},{"@type":"BreadcrumbList","@id":"https:\/\/labelfree.nl\/product\/klassieke-hoodie-merkloos-b2b-printmogelijkheden-ontwerphulp\/#breadcrumb","itemListElement":[{"@type":"ListItem","position":1,"name":"Home","item":"https:\/\/labelfree.nl\/"},{"@type":"ListItem","position":2,"name":"Webshop","item":"https:\/\/labelfree.nl\/webshop\/"},{"@type":"ListItem","position":3,"name":"Klassieke Hoodie &#8211; merkloos"}]},{"@type":"WebSite","@id":"https:\/\/labelfree.nl\/#website","url":"https:\/\/labelfree.nl\/","name":"Etikettenfrei","description":"Markenlose Qualit\u00e4t","potentialAction":[{"@type":"SearchAction","target":{"@type":"EntryPoint","urlTemplate":"https:\/\/labelfree.nl\/?s={search_term_string}"},"query-input":{"@type":"PropertyValueSpecification","valueRequired":true,"valueName":"search_term_string"}}],"inLanguage":"de"}]}},"jetpack_sharing_enabled":true,"_links":{"self":[{"href":"https:\/\/labelfree.nl\/de\/wp-json\/wp\/v2\/product\/45294","targetHints":{"allow":["GET"]}}],"collection":[{"href":"https:\/\/labelfree.nl\/de\/wp-json\/wp\/v2\/product"}],"about":[{"href":"https:\/\/labelfree.nl\/de\/wp-json\/wp\/v2\/types\/product"}],"wp:featuredmedia":[{"embeddable":true,"href":"https:\/\/labelfree.nl\/de\/wp-json\/wp\/v2\/media\/57037"}],"wp:attachment":[{"href":"https:\/\/labelfree.nl\/de\/wp-json\/wp\/v2\/media?parent=45294"}],"wp:term":[{"taxonomy":"product_brand","embeddable":true,"href":"https:\/\/labelfree.nl\/de\/wp-json\/wp\/v2\/product_brand?post=45294"},{"taxonomy":"product_cat","embeddable":true,"href":"https:\/\/labelfree.nl\/de\/wp-json\/wp\/v2\/product_cat?post=45294"},{"taxonomy":"product_tag","embeddable":true,"href":"https:\/\/labelfree.nl\/de\/wp-json\/wp\/v2\/product_tag?post=45294"}],"curies":[{"name":"wp","href":"https:\/\/api.w.org\/{rel}","templated":true}]}}