{"id":45380,"date":"2024-10-24T19:14:08","date_gmt":"2024-10-24T17:14:08","guid":{"rendered":"https:\/\/labelfree.nl\/product\/st222-lady-comfort-work-tee\/"},"modified":"2026-04-17T02:05:43","modified_gmt":"2026-04-17T00:05:43","slug":"st222-lady-comfort-work-tee","status":"publish","type":"product","link":"https:\/\/labelfree.nl\/de\/produkt\/st222-damen-komfort-arbeits-t-shirt\/","title":{"rendered":"Bequemes Arbeits-T-Shirt f\u00fcr Damen"},"content":{"rendered":"<h6><span style=\"color: #333333;\">Zuverl\u00e4ssiges und stilvolles Arbeitshemd. Es hat einen klassischen Rundhalsausschnitt und einen femininen Schnitt. Single-Jersey, 60 % gek\u00e4mmte Baumwolle\/40 % Polyester.<\/span><\/h6>\n<h3><span style=\"color: #5a7699;\"><strong>Bequemes Arbeits-T-Shirt f\u00fcr Damen<\/strong><\/span><\/h3>\n<p><strong>60% gek\u00e4mmte Baumwolle \/ 40% Polyester<\/strong><\/p>\n<p><img decoding=\"async\" src=\"https:\/\/www.stormtextil.dk\/sites\/default\/files\/inline-images\/OTS100_label_19.HBD__1.jpg\" alt=\"\u00d6ko-Tex-zertifiziert\" \/><\/p>\n<ul>\n<li>Material: 60% gek\u00e4mmte Baumwolle \/ 40% Polyester<\/li>\n<li>Gewicht: 190 g\/m\u00b2<\/li>\n<li>Single-Jersey<\/li>\n<li>F\u00fcr Industriew\u00e4sche geeignet<\/li>\n<li>Erh\u00e4ltlich in der Farbe Schwarz<\/li>\n<li>Erh\u00e4ltlich in den Gr\u00f6\u00dfen XS bis 4XL<\/li>\n<li>Kleines Gr\u00f6\u00dfenetikett im Halsausschnitt<\/li>\n<li>Karton: 50 St\u00fcck. Verpackung: 10 St\u00fcck. Auch einzeln erh\u00e4ltlich.<\/li>\n<\/ul>\n<p><strong>\u00a0<\/strong><\/p>\n<h4><span style=\"color: #5a7699;\"><strong>Bequemes und strapazierf\u00e4higes Damen-Arbeits-T-Shirt \u2013 komfortabel und strapazierf\u00e4hig<\/strong><\/span><\/h4>\n<p>Dieses T-Shirt ist die perfekte Wahl f\u00fcr Berufst\u00e4tige, die ein zuverl\u00e4ssiges und stilvolles Arbeitshemd suchen. Es ist industriell waschmaschinenfest. Es hat eine moderne Passform, einen Rundhalsausschnitt mit doppelt gen\u00e4htem Baumwollrippb\u00fcndchen sowie doppelt gen\u00e4hte Seitenn\u00e4hte und \u00c4rmel.<\/p>\n<h4><span style=\"color: #5a7699;\"><strong>Materialangaben<\/strong><\/span><\/h4>\n<p>Das Shirt besteht aus einem Mischgewebe aus 601 % gek\u00e4mmter Baumwolle und 401 % Polyester. Es ist aus Single-Jersey gefertigt und wiegt 190 g\/m\u00b2. Dadurch ist es etwas schwerer. Es ist weich und angenehm zu tragen und dennoch strapazierf\u00e4hig. Schmutzabweisend und pflegeleicht.<\/p>\n<p>Das T-Shirt ist industrietauglich, sodass Sie sich keine Sorgen um hartn\u00e4ckige Flecken oder Abnutzung machen m\u00fcssen. Der Stoff ist strapazierf\u00e4hig und kann wiederholt gewaschen werden, ohne Form und Qualit\u00e4t zu verlieren.<\/p>\n<h4><span style=\"color: #5a7699;\"><strong>Druck-, Stick- und Beschriftungsm\u00f6glichkeiten<\/strong><\/span><\/h4>\n<p>M\u00f6chten Sie unbedruckte Kleidung bestellen, mit Ihrem eigenen Design bedrucken lassen oder ben\u00f6tigen Sie selbst aufzubringende Drucke? Bei Labelfree steht Ihnen unser Team bei jedem Schritt zur Seite.<\/p>\n<p>Labelfree bietet verschiedene Druckm\u00f6glichkeiten, darunter Transferdruck, DTF, Siebdruck und Stickerei. Auch eigene Nackendrucke und Etiketten, beispielsweise auf den \u00c4rmel, sind m\u00f6glich.<\/p>\n<p>Ben\u00f6tigen Sie Hilfe bei Ihrem eigenen Design? Unsere Grafikdesigner unterst\u00fctzen Sie gerne. So stellen wir sicher, dass das Endprodukt perfekt auf Ihre Bed\u00fcrfnisse zugeschnitten ist. Sie erhalten immer zun\u00e4chst ein kostenloses, visuelles Angebot. Kontaktieren Sie uns, um die M\u00f6glichkeiten zur Erstellung Ihrer eigenen Kollektion zu erkunden.<\/p>\n<p>&nbsp;<\/p>\n<p>Gr\u00f6\u00dfentabelle<\/p>\n<p>Produktgalerie ansehen<\/p>\n<p>&nbsp;<\/p>\n<p>Pflegeanleitung<\/p>\n<p><img decoding=\"async\" class=\"\" src=\"https:\/\/www.stormtextil.dk\/sites\/default\/files\/2018-04\/Storm_washing_instructions_40_12.gif\" width=\"166\" height=\"25\" \/><\/p>\n<p>&nbsp;<\/p>\n<p>&nbsp;<\/p>\n<p>&nbsp;<\/p>","protected":false},"excerpt":{"rendered":"<p>Betrouwbaar en stijlvol werkshirt. het heeft een klassieke ronde hals en vrouwelijke snit. Single jersey, 60% gekamd katoen\/40% polyester. t-shirt comfort work dames 60% gekamd katoen \/ 40% polyester Materiaal: 60% gekamd katoen \/ 40% polyester Gewicht: 190 g\/m\u00b2 Single jersey Geschikt voor industri\u00eble wasbeurten Verkrijgbaar in de kleur Black Verkrijgbaar vanaf maat XS tot [&hellip;]<\/p>\n","protected":false},"featured_media":55055,"template":"","meta":{"_acf_changed":false},"product_brand":[],"product_cat":[19],"product_tag":[],"class_list":{"0":"post-45380","1":"product","2":"type-product","3":"status-publish","4":"has-post-thumbnail","6":"product_cat-t-shirts","7":"pa_size-2xl","8":"pa_size-3xl","9":"pa_size-4xl","10":"pa_size-l","11":"pa_size-m","12":"pa_size-s","13":"pa_size-xl","14":"pa_size-xs","15":"pa_size-xxl","17":"first","18":"instock","19":"taxable","20":"shipping-taxable","21":"purchasable","22":"product-type-variable"},"acf":[],"yoast_head":"<!-- This site is optimized with the Yoast SEO plugin v27.4 - https:\/\/yoast.com\/product\/yoast-seo-wordpress\/ -->\n<title>T-shirt Comfort Work dames - Labelfree<\/title>\n<meta name=\"robots\" content=\"index, follow, max-snippet:-1, max-image-preview:large, max-video-preview:-1\" \/>\n<link rel=\"canonical\" href=\"https:\/\/labelfree.nl\/de\/produkt\/st222-damen-komfort-arbeits-t-shirt\/\" \/>\n<meta property=\"og:locale\" content=\"de_DE\" \/>\n<meta property=\"og:type\" content=\"article\" \/>\n<meta property=\"og:title\" content=\"T-shirt Comfort Work dames - Labelfree\" \/>\n<meta property=\"og:description\" content=\"Betrouwbaar en stijlvol werkshirt. het heeft een klassieke ronde hals en vrouwelijke snit. Single jersey, 60% gekamd katoen\/40% polyester. t-shirt comfort work dames 60% gekamd katoen \/ 40% polyester Materiaal: 60% gekamd katoen \/ 40% polyester Gewicht: 190 g\/m\u00b2 Single jersey Geschikt voor industri\u00eble wasbeurten Verkrijgbaar in de kleur Black Verkrijgbaar vanaf maat XS tot [&hellip;]\" \/>\n<meta property=\"og:url\" content=\"https:\/\/labelfree.nl\/de\/produkt\/st222-damen-komfort-arbeits-t-shirt\/\" \/>\n<meta property=\"og:site_name\" content=\"Labelfree\" \/>\n<meta property=\"article:modified_time\" content=\"2026-04-17T00:05:43+00:00\" \/>\n<meta property=\"og:image\" content=\"https:\/\/labelfree.nl\/wp-content\/uploads\/2024\/10\/000222_LadyComfortWorkTee_01c.jpg\" \/>\n\t<meta property=\"og:image:width\" content=\"1000\" \/>\n\t<meta property=\"og:image:height\" content=\"1384\" \/>\n\t<meta property=\"og:image:type\" content=\"image\/jpeg\" \/>\n<meta name=\"twitter:card\" content=\"summary_large_image\" \/>\n<meta name=\"twitter:label1\" content=\"Gesch\u00e4tzte Lesezeit\" \/>\n\t<meta name=\"twitter:data1\" content=\"3\u00a0Minuten\" \/>\n<script type=\"application\/ld+json\" class=\"yoast-schema-graph\">{\"@context\":\"https:\\\/\\\/schema.org\",\"@graph\":[{\"@type\":\"WebPage\",\"@id\":\"https:\\\/\\\/labelfree.nl\\\/product\\\/st222-lady-comfort-work-tee\\\/\",\"url\":\"https:\\\/\\\/labelfree.nl\\\/product\\\/st222-lady-comfort-work-tee\\\/\",\"name\":\"T-shirt Comfort Work dames - Labelfree\",\"isPartOf\":{\"@id\":\"https:\\\/\\\/labelfree.nl\\\/#website\"},\"primaryImageOfPage\":{\"@id\":\"https:\\\/\\\/labelfree.nl\\\/product\\\/st222-lady-comfort-work-tee\\\/#primaryimage\"},\"image\":{\"@id\":\"https:\\\/\\\/labelfree.nl\\\/product\\\/st222-lady-comfort-work-tee\\\/#primaryimage\"},\"thumbnailUrl\":\"https:\\\/\\\/labelfree.nl\\\/wp-content\\\/uploads\\\/2024\\\/10\\\/000222_LadyComfortWorkTee_01c.jpg\",\"datePublished\":\"2024-10-24T17:14:08+00:00\",\"dateModified\":\"2026-04-17T00:05:43+00:00\",\"breadcrumb\":{\"@id\":\"https:\\\/\\\/labelfree.nl\\\/product\\\/st222-lady-comfort-work-tee\\\/#breadcrumb\"},\"inLanguage\":\"de\",\"potentialAction\":[{\"@type\":\"ReadAction\",\"target\":[\"https:\\\/\\\/labelfree.nl\\\/product\\\/st222-lady-comfort-work-tee\\\/\"]}]},{\"@type\":\"ImageObject\",\"inLanguage\":\"de\",\"@id\":\"https:\\\/\\\/labelfree.nl\\\/product\\\/st222-lady-comfort-work-tee\\\/#primaryimage\",\"url\":\"https:\\\/\\\/labelfree.nl\\\/wp-content\\\/uploads\\\/2024\\\/10\\\/000222_LadyComfortWorkTee_01c.jpg\",\"contentUrl\":\"https:\\\/\\\/labelfree.nl\\\/wp-content\\\/uploads\\\/2024\\\/10\\\/000222_LadyComfortWorkTee_01c.jpg\",\"width\":1000,\"height\":1384},{\"@type\":\"BreadcrumbList\",\"@id\":\"https:\\\/\\\/labelfree.nl\\\/product\\\/st222-lady-comfort-work-tee\\\/#breadcrumb\",\"itemListElement\":[{\"@type\":\"ListItem\",\"position\":1,\"name\":\"Home\",\"item\":\"https:\\\/\\\/labelfree.nl\\\/\"},{\"@type\":\"ListItem\",\"position\":2,\"name\":\"Webshop\",\"item\":\"https:\\\/\\\/labelfree.nl\\\/webshop\\\/\"},{\"@type\":\"ListItem\",\"position\":3,\"name\":\"T-shirt Comfort Work dames\"}]},{\"@type\":\"WebSite\",\"@id\":\"https:\\\/\\\/labelfree.nl\\\/#website\",\"url\":\"https:\\\/\\\/labelfree.nl\\\/\",\"name\":\"Labelfree\",\"description\":\"Brandless quality\",\"potentialAction\":[{\"@type\":\"SearchAction\",\"target\":{\"@type\":\"EntryPoint\",\"urlTemplate\":\"https:\\\/\\\/labelfree.nl\\\/?s={search_term_string}\"},\"query-input\":{\"@type\":\"PropertyValueSpecification\",\"valueRequired\":true,\"valueName\":\"search_term_string\"}}],\"inLanguage\":\"de\"}]}<\/script>\n<!-- \/ Yoast SEO plugin. -->","yoast_head_json":{"title":"Bequemes Damen-Arbeits-T-Shirt - Labelfree","robots":{"index":"index","follow":"follow","max-snippet":"max-snippet:-1","max-image-preview":"max-image-preview:large","max-video-preview":"max-video-preview:-1"},"canonical":"https:\/\/labelfree.nl\/de\/produkt\/st222-damen-komfort-arbeits-t-shirt\/","og_locale":"de_DE","og_type":"article","og_title":"T-shirt Comfort Work dames - Labelfree","og_description":"Betrouwbaar en stijlvol werkshirt. het heeft een klassieke ronde hals en vrouwelijke snit. Single jersey, 60% gekamd katoen\/40% polyester. t-shirt comfort work dames 60% gekamd katoen \/ 40% polyester Materiaal: 60% gekamd katoen \/ 40% polyester Gewicht: 190 g\/m\u00b2 Single jersey Geschikt voor industri\u00eble wasbeurten Verkrijgbaar in de kleur Black Verkrijgbaar vanaf maat XS tot [&hellip;]","og_url":"https:\/\/labelfree.nl\/de\/produkt\/st222-damen-komfort-arbeits-t-shirt\/","og_site_name":"Labelfree","article_modified_time":"2026-04-17T00:05:43+00:00","og_image":[{"width":1000,"height":1384,"url":"https:\/\/labelfree.nl\/wp-content\/uploads\/2024\/10\/000222_LadyComfortWorkTee_01c.jpg","type":"image\/jpeg"}],"twitter_card":"summary_large_image","twitter_misc":{"Gesch\u00e4tzte Lesezeit":"3\u00a0Minuten"},"schema":{"@context":"https:\/\/schema.org","@graph":[{"@type":"WebPage","@id":"https:\/\/labelfree.nl\/product\/st222-lady-comfort-work-tee\/","url":"https:\/\/labelfree.nl\/product\/st222-lady-comfort-work-tee\/","name":"Bequemes Damen-Arbeits-T-Shirt - Labelfree","isPartOf":{"@id":"https:\/\/labelfree.nl\/#website"},"primaryImageOfPage":{"@id":"https:\/\/labelfree.nl\/product\/st222-lady-comfort-work-tee\/#primaryimage"},"image":{"@id":"https:\/\/labelfree.nl\/product\/st222-lady-comfort-work-tee\/#primaryimage"},"thumbnailUrl":"https:\/\/labelfree.nl\/wp-content\/uploads\/2024\/10\/000222_LadyComfortWorkTee_01c.jpg","datePublished":"2024-10-24T17:14:08+00:00","dateModified":"2026-04-17T00:05:43+00:00","breadcrumb":{"@id":"https:\/\/labelfree.nl\/product\/st222-lady-comfort-work-tee\/#breadcrumb"},"inLanguage":"de","potentialAction":[{"@type":"ReadAction","target":["https:\/\/labelfree.nl\/product\/st222-lady-comfort-work-tee\/"]}]},{"@type":"ImageObject","inLanguage":"de","@id":"https:\/\/labelfree.nl\/product\/st222-lady-comfort-work-tee\/#primaryimage","url":"https:\/\/labelfree.nl\/wp-content\/uploads\/2024\/10\/000222_LadyComfortWorkTee_01c.jpg","contentUrl":"https:\/\/labelfree.nl\/wp-content\/uploads\/2024\/10\/000222_LadyComfortWorkTee_01c.jpg","width":1000,"height":1384},{"@type":"BreadcrumbList","@id":"https:\/\/labelfree.nl\/product\/st222-lady-comfort-work-tee\/#breadcrumb","itemListElement":[{"@type":"ListItem","position":1,"name":"Home","item":"https:\/\/labelfree.nl\/"},{"@type":"ListItem","position":2,"name":"Webshop","item":"https:\/\/labelfree.nl\/webshop\/"},{"@type":"ListItem","position":3,"name":"T-shirt Comfort Work dames"}]},{"@type":"WebSite","@id":"https:\/\/labelfree.nl\/#website","url":"https:\/\/labelfree.nl\/","name":"Etikettenfrei","description":"Markenlose Qualit\u00e4t","potentialAction":[{"@type":"SearchAction","target":{"@type":"EntryPoint","urlTemplate":"https:\/\/labelfree.nl\/?s={search_term_string}"},"query-input":{"@type":"PropertyValueSpecification","valueRequired":true,"valueName":"search_term_string"}}],"inLanguage":"de"}]}},"jetpack_sharing_enabled":true,"_links":{"self":[{"href":"https:\/\/labelfree.nl\/de\/wp-json\/wp\/v2\/product\/45380","targetHints":{"allow":["GET"]}}],"collection":[{"href":"https:\/\/labelfree.nl\/de\/wp-json\/wp\/v2\/product"}],"about":[{"href":"https:\/\/labelfree.nl\/de\/wp-json\/wp\/v2\/types\/product"}],"wp:featuredmedia":[{"embeddable":true,"href":"https:\/\/labelfree.nl\/de\/wp-json\/wp\/v2\/media\/55055"}],"wp:attachment":[{"href":"https:\/\/labelfree.nl\/de\/wp-json\/wp\/v2\/media?parent=45380"}],"wp:term":[{"taxonomy":"product_brand","embeddable":true,"href":"https:\/\/labelfree.nl\/de\/wp-json\/wp\/v2\/product_brand?post=45380"},{"taxonomy":"product_cat","embeddable":true,"href":"https:\/\/labelfree.nl\/de\/wp-json\/wp\/v2\/product_cat?post=45380"},{"taxonomy":"product_tag","embeddable":true,"href":"https:\/\/labelfree.nl\/de\/wp-json\/wp\/v2\/product_tag?post=45380"}],"curies":[{"name":"wp","href":"https:\/\/api.w.org\/{rel}","templated":true}]}}