{"id":45473,"date":"2024-10-24T19:15:22","date_gmt":"2024-10-24T17:15:22","guid":{"rendered":"https:\/\/labelfree.nl\/product\/st207-lady-heavy-luxe\/"},"modified":"2026-05-01T02:03:27","modified_gmt":"2026-05-01T00:03:27","slug":"blanco-dames-tshirt-190gm2-biologisch-katoen","status":"publish","type":"product","link":"https:\/\/labelfree.nl\/de\/produkt\/st207-lady-schwerer-luxus\/","title":{"rendered":"Wei\u00dfes Damen-T-Shirt aus schwerer (190 g\/m\u00b2) Bio-Baumwolle"},"content":{"rendered":"<p>Klassisches T-Shirt mit doppelt gen\u00e4htem Rundhalsausschnitt. Sch\u00f6ne, feminine Passform. Single-Jersey, 190 g\/m\u00b2. Strapazierf\u00e4hig und von h\u00f6chster Qualit\u00e4t.<\/p>\n<p><em>Um den korrekten Preis zu sehen, loggen Sie sich ein und klicken Sie auf Farbe und Gr\u00f6\u00dfe.<\/em><\/p>\n<h3><\/h3>\n<h3><span style=\"color: #5a7699;\"><strong>schweres Damen-T-Shirt<\/strong><\/span><\/h3>\n<p>100% Bio-Baumwolle, gek\u00e4mmt. Single Jersey, 190 g\/m\u00b2<\/p>\n<p><img decoding=\"async\" class=\"alignnone size-full wp-image-67083\" src=\"https:\/\/labelfree.nl\/wp-content\/uploads\/2024\/10\/GOTS_2-1-5.jpg\" alt=\"\" width=\"155\" height=\"93\" srcset=\"https:\/\/labelfree.nl\/wp-content\/uploads\/2024\/10\/GOTS_2-1-5.jpg 155w, https:\/\/labelfree.nl\/wp-content\/uploads\/2024\/10\/GOTS_2-1-5-18x12.jpg 18w\" sizes=\"(max-width: 155px) 100vw, 155px\" \/><\/p>\n<ul>\n<li>Qualit\u00e4t: 100% Bio-Baumwolle, gek\u00e4mmt und enzymgewaschen<\/li>\n<li>Gewicht: 190 g\/m\u00b2<\/li>\n<li>Single-Jersey<\/li>\n<li>Atmungsaktiv und langlebig<\/li>\n<li>Erh\u00e4ltlich in 3 Farben<\/li>\n<li>Erh\u00e4ltlich von Gr\u00f6\u00dfe XS bis XL<\/li>\n<li>Markenlos, kleines Gr\u00f6\u00dfenetikett im Halsausschnitt<\/li>\n<li>Geeignet f\u00fcr Siebdruck, Transferdruck, DTG-Druck und Stickerei<\/li>\n<li>Karton: 50 St\u00fcck. Verpackung: 10 St\u00fcck. Auch einzeln erh\u00e4ltlich.<\/li>\n<\/ul>\n<p>&nbsp;<\/p>\n<h4><span style=\"color: #5a7699;\"><strong>Schweres Damen-T-Shirt \u2013 elegant und in Premiumqualit\u00e4t<\/strong><\/span><\/h4>\n<p>Klassisches T-Shirt in erstklassiger Qualit\u00e4t mit wundersch\u00f6nem Schnitt. Es bietet eine bequeme Passform, die die weibliche Figur betont. Dank des schlichten und stilvollen Designs mit dem eleganten Rundhalsausschnitt ist dieses Shirt zeitlos und vielseitig.<\/p>\n<p>Der Halsausschnitt besteht aus robustem Lycra-Rippstrick und ist mit einem verst\u00e4rkten Halsb\u00fcndchen versehen. Die S\u00e4ume sind doppelt vern\u00e4ht. Das Shirt hat Seitenn\u00e4hte.<\/p>\n<p>Die Baumwolle ist gek\u00e4mmt und enzymgewaschen. Dieses hochwertige Material f\u00fchlt sich besonders weich und glatt auf der Haut an und ist zudem sehr strapazierf\u00e4hig. Das T-Shirt ist formbest\u00e4ndig und langlebig.<\/p>\n<p>Mit einem Gewicht von 190 g\/m\u00b2 f\u00fchlt sich das Hemd luxuri\u00f6s und robust an, ohne dabei den Tragekomfort einzuschr\u00e4nken. Dadurch eignet es sich hervorragend f\u00fcr Merchandising-Artikel, Eigenmarken oder Arbeitskleidung.<\/p>\n<h4><span style=\"color: #5a7699;\"><strong>Materialangaben<\/strong><\/span><\/h4>\n<p>Qualit\u00e4t: 1001 TP3T Bio-Baumwolle, gek\u00e4mmt und enzymgewaschen. Unsere Baumwolle wird umweltfreundlich und ohne sch\u00e4dliche Chemikalien unter verantwortungsvollen Bedingungen hergestellt. Die spezielle Behandlung durch die Enzymw\u00e4sche sorgt f\u00fcr zus\u00e4tzliche Weichheit und daf\u00fcr, dass Ihre Kleidung l\u00e4nger sch\u00f6n bleibt.<\/p>\n<p>Single-Jersey, 190 g\/m\u00b2. Dies ist ein etwas schwererer Stoff, ideal f\u00fcr Unternehmen, die beispielsweise einen zuverl\u00e4ssigen Lieferanten f\u00fcr Eventbekleidung suchen. Unsere Druckoptionen finden Sie weiter unten.<\/p>\n<h4><span style=\"color: #5a7699;\"><strong>Druck-, Stick- und Beschriftungsm\u00f6glichkeiten<\/strong><\/span><\/h4>\n<p>Unser gesamtes Sortiment eignet sich f\u00fcr B2B, Merchandising und Private Label. Sie m\u00f6chten unbedruckte Kleidung bestellen, diese mit Ihrem eigenen Design bedrucken lassen oder ben\u00f6tigen Druckvorlagen zum Selbstaufbringen? Das Team von Labelfree unterst\u00fctzt Sie dabei in jedem Schritt.<\/p>\n<p>Labelfree bietet eine Vielzahl professioneller Druckoptionen, darunter Transferdruck, DTF-Druck, Siebdruck und Stickerei. Sie k\u00f6nnen beispielsweise auch Ihre eigenen Nackenaufdrucke und Etiketten auf den \u00c4rmel drucken lassen.<\/p>\n<p>Ben\u00f6tigen Sie Hilfe bei Ihrem eigenen Design? Unsere Grafikdesigner unterst\u00fctzen Sie gerne. So stellen wir sicher, dass das Endprodukt perfekt auf Ihre Bed\u00fcrfnisse zugeschnitten ist. Sie erhalten immer zun\u00e4chst ein kostenloses, visuelles Angebot. Kontaktieren Sie uns, um die M\u00f6glichkeiten zur Erstellung Ihrer eigenen Kollektion zu erkunden.<\/p>\n<p><strong>\u00a0<\/strong><\/p>\n<p>Gr\u00f6\u00dfentabelle<\/p>\n<p><img fetchpriority=\"high\" decoding=\"async\" class=\"\" src=\"https:\/\/www.stormtextil.dk\/sites\/default\/files\/size-charts\/000207_Lady_Sport.png\" width=\"548\" height=\"108\" \/><\/p>\n<p>Pflegeanleitung<\/p>\n<p><img decoding=\"async\" class=\"alignnone wp-image-67084\" src=\"https:\/\/labelfree.nl\/wp-content\/uploads\/2024\/10\/Storm_washing_instructions_40_0-18.gif\" alt=\"\" width=\"166\" height=\"25\" \/><\/p>\n<p>&nbsp;<\/p>","protected":false},"excerpt":{"rendered":"<p>Klassiek t-shirt met dubbel gestikte ronde hals. Mooie vrouwelijke fit. Single jersey 190 g\/m\u00b2. Duurzame superieure kwaliteit. voor de juiste prijs logt u in en klikt u op de kleur en de maat t-shirt dames heavy weight 100% biologisch gekamd katoen. Single jersey, 190 g\/m\u00b2 Kwaliteit: 100% biologisch katoen, gekamd en met enzymen gewassen Gewicht: [&hellip;]<\/p>\n","protected":false},"featured_media":55068,"template":"","meta":{"_acf_changed":false},"product_brand":[],"product_cat":[92,19,46],"product_tag":[],"class_list":{"0":"post-45473","1":"product","2":"type-product","3":"status-publish","4":"has-post-thumbnail","6":"product_cat-lady-t-shirts","7":"product_cat-t-shirts","8":"product_cat-t-shirts-crew-neck","9":"pa_size-2xl","10":"pa_size-3xl","11":"pa_size-4xl","12":"pa_size-l","13":"pa_size-m","14":"pa_size-s","15":"pa_size-xl","16":"pa_size-xs","18":"first","19":"instock","20":"taxable","21":"shipping-taxable","22":"purchasable","23":"product-type-variable"},"acf":[],"yoast_head":"<!-- This site is optimized with the Yoast SEO plugin v27.5 - https:\/\/yoast.com\/product\/yoast-seo-wordpress\/ -->\n<title>Dames t-shirt heavy weight 190 g\/m2 | geschikt voor bedrukken<\/title>\n<meta name=\"description\" content=\"Blanco dames t-shirt heavy weight van 100% biologisch katoen (190 g\/m\u00b2). Stevig, duurzaam en perfect voor bedrukken en\/of groothandel.\" \/>\n<meta name=\"robots\" content=\"index, follow, max-snippet:-1, max-image-preview:large, max-video-preview:-1\" \/>\n<link rel=\"canonical\" href=\"https:\/\/labelfree.nl\/de\/produkt\/st207-lady-schwerer-luxus\/\" \/>\n<meta property=\"og:locale\" content=\"de_DE\" \/>\n<meta property=\"og:type\" content=\"article\" \/>\n<meta property=\"og:title\" content=\"Dames t-shirt heavy weight 190 g\/m2 | geschikt voor bedrukken\" \/>\n<meta property=\"og:description\" content=\"Blanco dames t-shirt heavy weight van 100% biologisch katoen (190 g\/m\u00b2). Stevig, duurzaam en perfect voor bedrukken en\/of groothandel.\" \/>\n<meta property=\"og:url\" content=\"https:\/\/labelfree.nl\/de\/produkt\/st207-lady-schwerer-luxus\/\" \/>\n<meta property=\"og:site_name\" content=\"Labelfree\" \/>\n<meta property=\"article:modified_time\" content=\"2026-05-01T00:03:27+00:00\" \/>\n<meta property=\"og:image\" content=\"https:\/\/labelfree.nl\/wp-content\/uploads\/2024\/10\/000207_LadyHeavyLuxe_01-1.jpg\" \/>\n\t<meta property=\"og:image:width\" content=\"2093\" \/>\n\t<meta property=\"og:image:height\" content=\"2500\" \/>\n\t<meta property=\"og:image:type\" content=\"image\/jpeg\" \/>\n<meta name=\"twitter:card\" content=\"summary_large_image\" \/>\n<meta name=\"twitter:label1\" content=\"Gesch\u00e4tzte Lesezeit\" \/>\n\t<meta name=\"twitter:data1\" content=\"3\u00a0Minuten\" \/>\n<script type=\"application\/ld+json\" class=\"yoast-schema-graph\">{\"@context\":\"https:\\\/\\\/schema.org\",\"@graph\":[{\"@type\":\"WebPage\",\"@id\":\"https:\\\/\\\/labelfree.nl\\\/product\\\/blanco-dames-tshirt-190gm2-biologisch-katoen\\\/\",\"url\":\"https:\\\/\\\/labelfree.nl\\\/product\\\/blanco-dames-tshirt-190gm2-biologisch-katoen\\\/\",\"name\":\"Dames t-shirt heavy weight 190 g\\\/m2 | geschikt voor bedrukken\",\"isPartOf\":{\"@id\":\"https:\\\/\\\/labelfree.nl\\\/#website\"},\"primaryImageOfPage\":{\"@id\":\"https:\\\/\\\/labelfree.nl\\\/product\\\/blanco-dames-tshirt-190gm2-biologisch-katoen\\\/#primaryimage\"},\"image\":{\"@id\":\"https:\\\/\\\/labelfree.nl\\\/product\\\/blanco-dames-tshirt-190gm2-biologisch-katoen\\\/#primaryimage\"},\"thumbnailUrl\":\"https:\\\/\\\/labelfree.nl\\\/wp-content\\\/uploads\\\/2024\\\/10\\\/000207_LadyHeavyLuxe_01-1.jpg\",\"datePublished\":\"2024-10-24T17:15:22+00:00\",\"dateModified\":\"2026-05-01T00:03:27+00:00\",\"description\":\"Blanco dames t-shirt heavy weight van 100% biologisch katoen (190 g\\\/m\u00b2). Stevig, duurzaam en perfect voor bedrukken en\\\/of groothandel.\",\"breadcrumb\":{\"@id\":\"https:\\\/\\\/labelfree.nl\\\/product\\\/blanco-dames-tshirt-190gm2-biologisch-katoen\\\/#breadcrumb\"},\"inLanguage\":\"de\",\"potentialAction\":[{\"@type\":\"ReadAction\",\"target\":[\"https:\\\/\\\/labelfree.nl\\\/product\\\/blanco-dames-tshirt-190gm2-biologisch-katoen\\\/\"]}]},{\"@type\":\"ImageObject\",\"inLanguage\":\"de\",\"@id\":\"https:\\\/\\\/labelfree.nl\\\/product\\\/blanco-dames-tshirt-190gm2-biologisch-katoen\\\/#primaryimage\",\"url\":\"https:\\\/\\\/labelfree.nl\\\/wp-content\\\/uploads\\\/2024\\\/10\\\/000207_LadyHeavyLuxe_01-1.jpg\",\"contentUrl\":\"https:\\\/\\\/labelfree.nl\\\/wp-content\\\/uploads\\\/2024\\\/10\\\/000207_LadyHeavyLuxe_01-1.jpg\",\"width\":2093,\"height\":2500,\"caption\":\"blanco dames t-shirt heavy weight geschikt voor bedrukken\"},{\"@type\":\"BreadcrumbList\",\"@id\":\"https:\\\/\\\/labelfree.nl\\\/product\\\/blanco-dames-tshirt-190gm2-biologisch-katoen\\\/#breadcrumb\",\"itemListElement\":[{\"@type\":\"ListItem\",\"position\":1,\"name\":\"Home\",\"item\":\"https:\\\/\\\/labelfree.nl\\\/\"},{\"@type\":\"ListItem\",\"position\":2,\"name\":\"Webshop\",\"item\":\"https:\\\/\\\/labelfree.nl\\\/webshop\\\/\"},{\"@type\":\"ListItem\",\"position\":3,\"name\":\"Blanco dames t-shirt heavy weight (190 g\\\/m\u00b2) Biologisch Katoen\"}]},{\"@type\":\"WebSite\",\"@id\":\"https:\\\/\\\/labelfree.nl\\\/#website\",\"url\":\"https:\\\/\\\/labelfree.nl\\\/\",\"name\":\"Labelfree\",\"description\":\"Brandless quality\",\"potentialAction\":[{\"@type\":\"SearchAction\",\"target\":{\"@type\":\"EntryPoint\",\"urlTemplate\":\"https:\\\/\\\/labelfree.nl\\\/?s={search_term_string}\"},\"query-input\":{\"@type\":\"PropertyValueSpecification\",\"valueRequired\":true,\"valueName\":\"search_term_string\"}}],\"inLanguage\":\"de\"}]}<\/script>\n<!-- \/ Yoast SEO plugin. -->","yoast_head_json":{"title":"Dames t-shirt heavy weight 190 g\/m2 | geschikt voor bedrukken","description":"Blanco dames t-shirt heavy weight van 100% biologisch katoen (190 g\/m\u00b2). Stevig, duurzaam en perfect voor bedrukken en\/of groothandel.","robots":{"index":"index","follow":"follow","max-snippet":"max-snippet:-1","max-image-preview":"max-image-preview:large","max-video-preview":"max-video-preview:-1"},"canonical":"https:\/\/labelfree.nl\/de\/produkt\/st207-lady-schwerer-luxus\/","og_locale":"de_DE","og_type":"article","og_title":"Dames t-shirt heavy weight 190 g\/m2 | geschikt voor bedrukken","og_description":"Blanco dames t-shirt heavy weight van 100% biologisch katoen (190 g\/m\u00b2). Stevig, duurzaam en perfect voor bedrukken en\/of groothandel.","og_url":"https:\/\/labelfree.nl\/de\/produkt\/st207-lady-schwerer-luxus\/","og_site_name":"Labelfree","article_modified_time":"2026-05-01T00:03:27+00:00","og_image":[{"width":2093,"height":2500,"url":"https:\/\/labelfree.nl\/wp-content\/uploads\/2024\/10\/000207_LadyHeavyLuxe_01-1.jpg","type":"image\/jpeg"}],"twitter_card":"summary_large_image","twitter_misc":{"Gesch\u00e4tzte Lesezeit":"3\u00a0Minuten"},"schema":{"@context":"https:\/\/schema.org","@graph":[{"@type":"WebPage","@id":"https:\/\/labelfree.nl\/product\/blanco-dames-tshirt-190gm2-biologisch-katoen\/","url":"https:\/\/labelfree.nl\/product\/blanco-dames-tshirt-190gm2-biologisch-katoen\/","name":"Dames t-shirt heavy weight 190 g\/m2 | geschikt voor bedrukken","isPartOf":{"@id":"https:\/\/labelfree.nl\/#website"},"primaryImageOfPage":{"@id":"https:\/\/labelfree.nl\/product\/blanco-dames-tshirt-190gm2-biologisch-katoen\/#primaryimage"},"image":{"@id":"https:\/\/labelfree.nl\/product\/blanco-dames-tshirt-190gm2-biologisch-katoen\/#primaryimage"},"thumbnailUrl":"https:\/\/labelfree.nl\/wp-content\/uploads\/2024\/10\/000207_LadyHeavyLuxe_01-1.jpg","datePublished":"2024-10-24T17:15:22+00:00","dateModified":"2026-05-01T00:03:27+00:00","description":"Blanco dames t-shirt heavy weight van 100% biologisch katoen (190 g\/m\u00b2). Stevig, duurzaam en perfect voor bedrukken en\/of groothandel.","breadcrumb":{"@id":"https:\/\/labelfree.nl\/product\/blanco-dames-tshirt-190gm2-biologisch-katoen\/#breadcrumb"},"inLanguage":"de","potentialAction":[{"@type":"ReadAction","target":["https:\/\/labelfree.nl\/product\/blanco-dames-tshirt-190gm2-biologisch-katoen\/"]}]},{"@type":"ImageObject","inLanguage":"de","@id":"https:\/\/labelfree.nl\/product\/blanco-dames-tshirt-190gm2-biologisch-katoen\/#primaryimage","url":"https:\/\/labelfree.nl\/wp-content\/uploads\/2024\/10\/000207_LadyHeavyLuxe_01-1.jpg","contentUrl":"https:\/\/labelfree.nl\/wp-content\/uploads\/2024\/10\/000207_LadyHeavyLuxe_01-1.jpg","width":2093,"height":2500,"caption":"blanco dames t-shirt heavy weight geschikt voor bedrukken"},{"@type":"BreadcrumbList","@id":"https:\/\/labelfree.nl\/product\/blanco-dames-tshirt-190gm2-biologisch-katoen\/#breadcrumb","itemListElement":[{"@type":"ListItem","position":1,"name":"Home","item":"https:\/\/labelfree.nl\/"},{"@type":"ListItem","position":2,"name":"Webshop","item":"https:\/\/labelfree.nl\/webshop\/"},{"@type":"ListItem","position":3,"name":"Blanco dames t-shirt heavy weight (190 g\/m\u00b2) Biologisch Katoen"}]},{"@type":"WebSite","@id":"https:\/\/labelfree.nl\/#website","url":"https:\/\/labelfree.nl\/","name":"Etikettenfrei","description":"Markenlose Qualit\u00e4t","potentialAction":[{"@type":"SearchAction","target":{"@type":"EntryPoint","urlTemplate":"https:\/\/labelfree.nl\/?s={search_term_string}"},"query-input":{"@type":"PropertyValueSpecification","valueRequired":true,"valueName":"search_term_string"}}],"inLanguage":"de"}]}},"jetpack_sharing_enabled":true,"_links":{"self":[{"href":"https:\/\/labelfree.nl\/de\/wp-json\/wp\/v2\/product\/45473","targetHints":{"allow":["GET"]}}],"collection":[{"href":"https:\/\/labelfree.nl\/de\/wp-json\/wp\/v2\/product"}],"about":[{"href":"https:\/\/labelfree.nl\/de\/wp-json\/wp\/v2\/types\/product"}],"wp:featuredmedia":[{"embeddable":true,"href":"https:\/\/labelfree.nl\/de\/wp-json\/wp\/v2\/media\/55068"}],"wp:attachment":[{"href":"https:\/\/labelfree.nl\/de\/wp-json\/wp\/v2\/media?parent=45473"}],"wp:term":[{"taxonomy":"product_brand","embeddable":true,"href":"https:\/\/labelfree.nl\/de\/wp-json\/wp\/v2\/product_brand?post=45473"},{"taxonomy":"product_cat","embeddable":true,"href":"https:\/\/labelfree.nl\/de\/wp-json\/wp\/v2\/product_cat?post=45473"},{"taxonomy":"product_tag","embeddable":true,"href":"https:\/\/labelfree.nl\/de\/wp-json\/wp\/v2\/product_tag?post=45473"}],"curies":[{"name":"wp","href":"https:\/\/api.w.org\/{rel}","templated":true}]}}