{"id":45613,"date":"2024-10-24T19:17:06","date_gmt":"2024-10-24T17:17:06","guid":{"rendered":"https:\/\/labelfree.nl\/product\/st705-heavy-crew-neck\/"},"modified":"2026-04-17T02:05:45","modified_gmt":"2026-04-17T00:05:45","slug":"st705-heavy-crew-neck","status":"publish","type":"product","link":"https:\/\/labelfree.nl\/de\/produkt\/st705-schwerer-rundhalsausschnitt\/","title":{"rendered":"Sweatshirt mit Rundhalsausschnitt"},"content":{"rendered":"<p><span style=\"color: #333333;\">Klassischer Rundhalspullover. Weich und modern. Franz\u00f6sischer Frottee, 500\u2013520 g\/m\u00b2.<\/span><\/p>\n<p><span style=\"color: #333333;\"><em>F\u00fcr die korrekte Farbdarstellung und -beschreibung klicken Sie auf das betreffende Hemd und anschlie\u00dfend erneut auf die Lupe.<\/em><\/span><\/p>\n<h3><span style=\"color: #5a7699;\"><strong>Pullover mit schwerem Rundhalsausschnitt<\/strong><\/span><\/h3>\n<p><strong>100% Bio-Baumwolle, French Terry 500\/520 g\/m\u00b2<\/strong><\/p>\n<p><img decoding=\"async\" src=\"https:\/\/www.stormtextil.dk\/sites\/default\/files\/inline-images\/OTS100_label_19.HBD__1.jpg\" alt=\"\u00d6ko-Tex-zertifiziert\" \/><\/p>\n<ul>\n<li>Qualit\u00e4t: 100% Bio-Baumwolle<\/li>\n<li>Heather Navy: 80% Bio-Baumwolle \/ 20% Polyester<\/li>\n<li>French Terry<\/li>\n<li>Gewicht: 500-520 g\/m\u00b2<\/li>\n<li>Rundhalsausschnitt<\/li>\n<li>Erh\u00e4ltlich in 5 Farben<\/li>\n<li>Erh\u00e4ltlich von Gr\u00f6\u00dfe XXS bis 3XL<\/li>\n<li>Kleines Gr\u00f6\u00dfenetikett im Halsausschnitt<\/li>\n<li>Schachtel: 20 St\u00fcck. Einzelverpackung: 5 St\u00fcck. Auch einzeln erh\u00e4ltlich.<\/li>\n<\/ul>\n<p>&nbsp;<\/p>\n<h4><span style=\"color: #5a7699;\"><strong>Unisex-Pullover mit Rundhalsausschnitt \u2013 bequem und atmungsaktiv <\/strong><\/span><\/h4>\n<p>Unser klassisches Sweatshirt mit Rundhalsausschnitt besteht aus 100 % Bio-Baumwolle (1001 % T\/3T). Es hat einen klassischen Rundhalsausschnitt. Die gerippten Lycra-B\u00fcndchen und der Saum sowie die Doppeln\u00e4hte sorgen f\u00fcr zus\u00e4tzliche Strapazierf\u00e4higkeit. Die attraktiven, breiten Lycra-Rippb\u00fcndchen an \u00c4rmeln und Saum verleihen dem Sweatshirt einen stylischen Look.<\/p>\n<p>Es ist aus French Terry gefertigt. Dieser weiche Strickstoff hat eine glatte Au\u00dfenseite und eine Schlingenstruktur auf der Innenseite. French Terry bietet ein angenehmes Gleichgewicht zwischen Leichtigkeit und W\u00e4rme und ist sehr komfortabel zu tragen.<\/p>\n<h4><span style=\"color: #5a7699;\"><strong>Materialangaben<\/strong><\/span><\/h4>\n<p>Das Material besteht aus 100 % Bio-Baumwolle (1001 % TP3T). Die Farbe Heather Navy besteht aus 80 % Bio-Baumwolle (801 % TP3T) und 20 % Polyester (201 % TP3T).<\/p>\n<p>Es besteht aus French Terry. Dabei handelt es sich um einen weichen, gestrickten Jersey-Stoff mit einer besonderen Struktur: Die Au\u00dfenseite ist glatt, \u00e4hnlich wie Single Jersey, w\u00e4hrend die Innenseite eine Schlingenstruktur aufweist. Diese Konstruktion sorgt f\u00fcr ein atmungsaktives und feuchtigkeitsableitendes Material, das sich angenehm auf der Haut anf\u00fchlt. Der Stoff ist geschmeidig und formbest\u00e4ndig.<\/p>\n<h4><span style=\"color: #5a7699;\"><strong>Druck-, Stick- und Beschriftungsm\u00f6glichkeiten<\/strong><\/span><\/h4>\n<p>M\u00f6chten Sie unbedruckte Kleidung bestellen, mit Ihrem eigenen Design bedrucken lassen oder ben\u00f6tigen Sie selbst aufzubringende Drucke? Bei Labelfree steht Ihnen unser Team bei jedem Schritt zur Seite.<\/p>\n<p>Labelfree bietet verschiedene Druckm\u00f6glichkeiten, darunter Transferdruck, DTF, Siebdruck und Stickerei. Auch eigene Nackendrucke und Etiketten, beispielsweise auf den \u00c4rmel, sind m\u00f6glich.<\/p>\n<p>Ben\u00f6tigen Sie Hilfe bei Ihrem eigenen Design? Unsere Grafikdesigner unterst\u00fctzen Sie gerne. So stellen wir sicher, dass das Endprodukt perfekt auf Ihre Bed\u00fcrfnisse zugeschnitten ist. Sie erhalten immer zun\u00e4chst ein kostenloses, visuelles Angebot. Kontaktieren Sie uns, um die M\u00f6glichkeiten zur Erstellung Ihrer eigenen Kollektion zu erkunden.<\/p>\n<p>&nbsp;<\/p>\n<p>Gr\u00f6\u00dfentabelle<\/p>\n<p><img decoding=\"async\" class=\"\" src=\"https:\/\/www.stormtextil.dk\/sites\/default\/files\/product-image\/size-charts\/ST705.jpg\" alt=\"st705\" width=\"585\" height=\"83\" \/><\/p>\n<p>&nbsp;<\/p>\n<p>Pflegeanleitung<\/p>\n<p><img decoding=\"async\" class=\"\" src=\"https:\/\/www.stormtextil.dk\/sites\/default\/files\/2018-04\/Storm_washing_instructions_40_0.gif\" width=\"166\" height=\"25\" \/><\/p>","protected":false},"excerpt":{"rendered":"<p>Klassieke sweater met ronde hals. Zacht en eigentijds. French terry, 500-520 g\/m\u00b2 voor de juiste kleur weergave- en omschrijving klikt u op het betreffende shirt en nogmaals op het vergrootglas sweater heavy crew neck 100% Biologisch katoen, french terry 500\/520 g\/m\u00b2 Kwaliteit: 100% biologisch katoen Heather Navy: 80% biologisch katoen \/ 20% polyester French terry [&hellip;]<\/p>\n","protected":false},"featured_media":55080,"template":"","meta":{"_acf_changed":false},"product_brand":[],"product_cat":[109,424,108],"product_tag":[],"class_list":{"0":"post-45613","1":"product","2":"type-product","3":"status-publish","4":"has-post-thumbnail","6":"product_cat-crew-neck","7":"product_cat-sweaters","8":"product_cat-sweatshirts","9":"pa_size-2xl","10":"pa_size-3xl","11":"pa_size-l","12":"pa_size-m","13":"pa_size-s","14":"pa_size-xl","15":"pa_size-xs","16":"pa_size-xxl","18":"first","19":"instock","20":"taxable","21":"shipping-taxable","22":"purchasable","23":"product-type-variable"},"acf":[],"yoast_head":"<!-- This site is optimized with the Yoast SEO plugin v27.4 - https:\/\/yoast.com\/product\/yoast-seo-wordpress\/ -->\n<title>Sweatshirt Heavy Crewneck - Labelfree<\/title>\n<meta name=\"robots\" content=\"index, follow, max-snippet:-1, max-image-preview:large, max-video-preview:-1\" \/>\n<link rel=\"canonical\" href=\"https:\/\/labelfree.nl\/de\/produkt\/st705-schwerer-rundhalsausschnitt\/\" \/>\n<meta property=\"og:locale\" content=\"de_DE\" \/>\n<meta property=\"og:type\" content=\"article\" \/>\n<meta property=\"og:title\" content=\"Sweatshirt Heavy Crewneck - Labelfree\" \/>\n<meta property=\"og:description\" content=\"Klassieke sweater met ronde hals. Zacht en eigentijds. French terry, 500-520 g\/m\u00b2 voor de juiste kleur weergave- en omschrijving klikt u op het betreffende shirt en nogmaals op het vergrootglas sweater heavy crew neck 100% Biologisch katoen, french terry 500\/520 g\/m\u00b2 Kwaliteit: 100% biologisch katoen Heather Navy: 80% biologisch katoen \/ 20% polyester French terry [&hellip;]\" \/>\n<meta property=\"og:url\" content=\"https:\/\/labelfree.nl\/de\/produkt\/st705-schwerer-rundhalsausschnitt\/\" \/>\n<meta property=\"og:site_name\" content=\"Labelfree\" \/>\n<meta property=\"article:modified_time\" content=\"2026-04-17T00:05:45+00:00\" \/>\n<meta property=\"og:image\" content=\"https:\/\/labelfree.nl\/wp-content\/uploads\/2024\/10\/000705_HeavyCrewneck_01.jpg\" \/>\n\t<meta property=\"og:image:width\" content=\"1080\" \/>\n\t<meta property=\"og:image:height\" content=\"1080\" \/>\n\t<meta property=\"og:image:type\" content=\"image\/jpeg\" \/>\n<meta name=\"twitter:card\" content=\"summary_large_image\" \/>\n<meta name=\"twitter:label1\" content=\"Gesch\u00e4tzte Lesezeit\" \/>\n\t<meta name=\"twitter:data1\" content=\"3\u00a0Minuten\" \/>\n<script type=\"application\/ld+json\" class=\"yoast-schema-graph\">{\"@context\":\"https:\\\/\\\/schema.org\",\"@graph\":[{\"@type\":\"WebPage\",\"@id\":\"https:\\\/\\\/labelfree.nl\\\/product\\\/st705-heavy-crew-neck\\\/\",\"url\":\"https:\\\/\\\/labelfree.nl\\\/product\\\/st705-heavy-crew-neck\\\/\",\"name\":\"Sweatshirt Heavy Crewneck - Labelfree\",\"isPartOf\":{\"@id\":\"https:\\\/\\\/labelfree.nl\\\/#website\"},\"primaryImageOfPage\":{\"@id\":\"https:\\\/\\\/labelfree.nl\\\/product\\\/st705-heavy-crew-neck\\\/#primaryimage\"},\"image\":{\"@id\":\"https:\\\/\\\/labelfree.nl\\\/product\\\/st705-heavy-crew-neck\\\/#primaryimage\"},\"thumbnailUrl\":\"https:\\\/\\\/labelfree.nl\\\/wp-content\\\/uploads\\\/2024\\\/10\\\/000705_HeavyCrewneck_01.jpg\",\"datePublished\":\"2024-10-24T17:17:06+00:00\",\"dateModified\":\"2026-04-17T00:05:45+00:00\",\"breadcrumb\":{\"@id\":\"https:\\\/\\\/labelfree.nl\\\/product\\\/st705-heavy-crew-neck\\\/#breadcrumb\"},\"inLanguage\":\"de\",\"potentialAction\":[{\"@type\":\"ReadAction\",\"target\":[\"https:\\\/\\\/labelfree.nl\\\/product\\\/st705-heavy-crew-neck\\\/\"]}]},{\"@type\":\"ImageObject\",\"inLanguage\":\"de\",\"@id\":\"https:\\\/\\\/labelfree.nl\\\/product\\\/st705-heavy-crew-neck\\\/#primaryimage\",\"url\":\"https:\\\/\\\/labelfree.nl\\\/wp-content\\\/uploads\\\/2024\\\/10\\\/000705_HeavyCrewneck_01.jpg\",\"contentUrl\":\"https:\\\/\\\/labelfree.nl\\\/wp-content\\\/uploads\\\/2024\\\/10\\\/000705_HeavyCrewneck_01.jpg\",\"width\":1080,\"height\":1080},{\"@type\":\"BreadcrumbList\",\"@id\":\"https:\\\/\\\/labelfree.nl\\\/product\\\/st705-heavy-crew-neck\\\/#breadcrumb\",\"itemListElement\":[{\"@type\":\"ListItem\",\"position\":1,\"name\":\"Home\",\"item\":\"https:\\\/\\\/labelfree.nl\\\/\"},{\"@type\":\"ListItem\",\"position\":2,\"name\":\"Webshop\",\"item\":\"https:\\\/\\\/labelfree.nl\\\/webshop\\\/\"},{\"@type\":\"ListItem\",\"position\":3,\"name\":\"Sweatshirt Heavy Crewneck\"}]},{\"@type\":\"WebSite\",\"@id\":\"https:\\\/\\\/labelfree.nl\\\/#website\",\"url\":\"https:\\\/\\\/labelfree.nl\\\/\",\"name\":\"Labelfree\",\"description\":\"Brandless quality\",\"potentialAction\":[{\"@type\":\"SearchAction\",\"target\":{\"@type\":\"EntryPoint\",\"urlTemplate\":\"https:\\\/\\\/labelfree.nl\\\/?s={search_term_string}\"},\"query-input\":{\"@type\":\"PropertyValueSpecification\",\"valueRequired\":true,\"valueName\":\"search_term_string\"}}],\"inLanguage\":\"de\"}]}<\/script>\n<!-- \/ Yoast SEO plugin. -->","yoast_head_json":{"title":"Sweatshirt mit schwerem Rundhalsausschnitt \u2013 Labelfree","robots":{"index":"index","follow":"follow","max-snippet":"max-snippet:-1","max-image-preview":"max-image-preview:large","max-video-preview":"max-video-preview:-1"},"canonical":"https:\/\/labelfree.nl\/de\/produkt\/st705-schwerer-rundhalsausschnitt\/","og_locale":"de_DE","og_type":"article","og_title":"Sweatshirt Heavy Crewneck - Labelfree","og_description":"Klassieke sweater met ronde hals. Zacht en eigentijds. French terry, 500-520 g\/m\u00b2 voor de juiste kleur weergave- en omschrijving klikt u op het betreffende shirt en nogmaals op het vergrootglas sweater heavy crew neck 100% Biologisch katoen, french terry 500\/520 g\/m\u00b2 Kwaliteit: 100% biologisch katoen Heather Navy: 80% biologisch katoen \/ 20% polyester French terry [&hellip;]","og_url":"https:\/\/labelfree.nl\/de\/produkt\/st705-schwerer-rundhalsausschnitt\/","og_site_name":"Labelfree","article_modified_time":"2026-04-17T00:05:45+00:00","og_image":[{"width":1080,"height":1080,"url":"https:\/\/labelfree.nl\/wp-content\/uploads\/2024\/10\/000705_HeavyCrewneck_01.jpg","type":"image\/jpeg"}],"twitter_card":"summary_large_image","twitter_misc":{"Gesch\u00e4tzte Lesezeit":"3\u00a0Minuten"},"schema":{"@context":"https:\/\/schema.org","@graph":[{"@type":"WebPage","@id":"https:\/\/labelfree.nl\/product\/st705-heavy-crew-neck\/","url":"https:\/\/labelfree.nl\/product\/st705-heavy-crew-neck\/","name":"Sweatshirt mit schwerem Rundhalsausschnitt \u2013 Labelfree","isPartOf":{"@id":"https:\/\/labelfree.nl\/#website"},"primaryImageOfPage":{"@id":"https:\/\/labelfree.nl\/product\/st705-heavy-crew-neck\/#primaryimage"},"image":{"@id":"https:\/\/labelfree.nl\/product\/st705-heavy-crew-neck\/#primaryimage"},"thumbnailUrl":"https:\/\/labelfree.nl\/wp-content\/uploads\/2024\/10\/000705_HeavyCrewneck_01.jpg","datePublished":"2024-10-24T17:17:06+00:00","dateModified":"2026-04-17T00:05:45+00:00","breadcrumb":{"@id":"https:\/\/labelfree.nl\/product\/st705-heavy-crew-neck\/#breadcrumb"},"inLanguage":"de","potentialAction":[{"@type":"ReadAction","target":["https:\/\/labelfree.nl\/product\/st705-heavy-crew-neck\/"]}]},{"@type":"ImageObject","inLanguage":"de","@id":"https:\/\/labelfree.nl\/product\/st705-heavy-crew-neck\/#primaryimage","url":"https:\/\/labelfree.nl\/wp-content\/uploads\/2024\/10\/000705_HeavyCrewneck_01.jpg","contentUrl":"https:\/\/labelfree.nl\/wp-content\/uploads\/2024\/10\/000705_HeavyCrewneck_01.jpg","width":1080,"height":1080},{"@type":"BreadcrumbList","@id":"https:\/\/labelfree.nl\/product\/st705-heavy-crew-neck\/#breadcrumb","itemListElement":[{"@type":"ListItem","position":1,"name":"Home","item":"https:\/\/labelfree.nl\/"},{"@type":"ListItem","position":2,"name":"Webshop","item":"https:\/\/labelfree.nl\/webshop\/"},{"@type":"ListItem","position":3,"name":"Sweatshirt Heavy Crewneck"}]},{"@type":"WebSite","@id":"https:\/\/labelfree.nl\/#website","url":"https:\/\/labelfree.nl\/","name":"Etikettenfrei","description":"Markenlose Qualit\u00e4t","potentialAction":[{"@type":"SearchAction","target":{"@type":"EntryPoint","urlTemplate":"https:\/\/labelfree.nl\/?s={search_term_string}"},"query-input":{"@type":"PropertyValueSpecification","valueRequired":true,"valueName":"search_term_string"}}],"inLanguage":"de"}]}},"jetpack_sharing_enabled":true,"_links":{"self":[{"href":"https:\/\/labelfree.nl\/de\/wp-json\/wp\/v2\/product\/45613","targetHints":{"allow":["GET"]}}],"collection":[{"href":"https:\/\/labelfree.nl\/de\/wp-json\/wp\/v2\/product"}],"about":[{"href":"https:\/\/labelfree.nl\/de\/wp-json\/wp\/v2\/types\/product"}],"wp:featuredmedia":[{"embeddable":true,"href":"https:\/\/labelfree.nl\/de\/wp-json\/wp\/v2\/media\/55080"}],"wp:attachment":[{"href":"https:\/\/labelfree.nl\/de\/wp-json\/wp\/v2\/media?parent=45613"}],"wp:term":[{"taxonomy":"product_brand","embeddable":true,"href":"https:\/\/labelfree.nl\/de\/wp-json\/wp\/v2\/product_brand?post=45613"},{"taxonomy":"product_cat","embeddable":true,"href":"https:\/\/labelfree.nl\/de\/wp-json\/wp\/v2\/product_cat?post=45613"},{"taxonomy":"product_tag","embeddable":true,"href":"https:\/\/labelfree.nl\/de\/wp-json\/wp\/v2\/product_tag?post=45613"}],"curies":[{"name":"wp","href":"https:\/\/api.w.org\/{rel}","templated":true}]}}