{"id":45724,"date":"2024-10-24T19:18:37","date_gmt":"2024-10-24T17:18:37","guid":{"rendered":"https:\/\/labelfree.nl\/product\/st736-work-zip-sweat\/"},"modified":"2026-04-30T02:03:47","modified_gmt":"2026-04-30T00:03:47","slug":"sweatershirt-met-ritssluiting-werkkleding-logo-bedrukken-ontwerphulp-labelfree","status":"publish","type":"product","link":"https:\/\/labelfree.nl\/de\/produkt\/st736-work-zip-sweat\/","title":{"rendered":"Sweatshirt mit Rei\u00dfverschluss, 370 g\/m\u00b2 \u2013 Arbeitskleidung"},"content":{"rendered":"<p>Markenloses Sweatshirt mit Rei\u00dfverschluss. Zuverl\u00e4ssige und stylische Arbeitsjacke, industriewaschbar. Stehkragen, Seitentaschen. Isoli, 370 g\/m\u00b2<\/p>\n<p><em>Um den korrekten Preis zu sehen, loggen Sie sich ein und klicken Sie auf Farbe und Gr\u00f6\u00dfe.<\/em><\/p>\n<p>&nbsp;<\/p>\n<h3><span style=\"color: #5a7699;\"><strong>Rei\u00dfverschluss-Arbeiten am Sweatshirt \u2013 Arbeitskleidung<\/strong><\/span><\/h3>\n<p><strong>65% Baumwolle \/ 35% Polyester<\/strong><\/p>\n<p><img decoding=\"async\" class=\"alignnone size-full wp-image-67055\" src=\"https:\/\/labelfree.nl\/wp-content\/uploads\/2024\/10\/GOTS_2-2.jpg\" alt=\"\" width=\"155\" height=\"93\" srcset=\"https:\/\/labelfree.nl\/wp-content\/uploads\/2024\/10\/GOTS_2-2.jpg 155w, https:\/\/labelfree.nl\/wp-content\/uploads\/2024\/10\/GOTS_2-2-18x12.jpg 18w\" sizes=\"(max-width: 155px) 100vw, 155px\" \/><\/p>\n<ul>\n<li>Material: 65% Baumwolle \/ 35% Polyester<\/li>\n<li>Isoli-Trikot<\/li>\n<li>Gewicht: 370 g\/m\u00b2<\/li>\n<li>F\u00fcr Industriew\u00e4sche geeignet<\/li>\n<li>Stehkragen<\/li>\n<li>Erh\u00e4ltlich in 3 Farben<\/li>\n<li>Erh\u00e4ltlich in den Gr\u00f6\u00dfen S bis 5XL<\/li>\n<li>Markenlos, kleines Gr\u00f6\u00dfenetikett im Halsausschnitt<\/li>\n<li>Geeignet f\u00fcr Siebdruck, Transferdruck, DTG-Druck und Stickerei<\/li>\n<li>Schachtel: 20 St\u00fcck. Einzelverpackung: 5 St\u00fcck. Auch einzeln erh\u00e4ltlich.<\/li>\n<\/ul>\n<p>&nbsp;<\/p>\n<h4><span style=\"color: #5a7699;\"><strong>Arbeits-Sweatshirt mit Rei\u00dfverschluss \u2013 bequem und hochwertig<\/strong><\/span><\/h4>\n<p>Unser Arbeits-Sweatshirt ist die perfekte Wahl f\u00fcr Profis, die eine zuverl\u00e4ssige und stylische Jacke suchen. Es ist industriewaschbar und hat kein Etikett. Ideal als Arbeitskleidung, ob unbedruckt oder bedruckt. Wir bieten alle Druckoptionen und unterst\u00fctzen Sie gerne bei Ihrem Design oder Logo.<\/p>\n<p>Das Sweatshirt verf\u00fcgt \u00fcber zwei seitliche K\u00e4ngurutaschen und einen robusten, durchgehenden Rei\u00dfverschluss. Es hat eine klassische Passform mit Stehkragen und ist in Standardgr\u00f6\u00dfen erh\u00e4ltlich, die f\u00fcr eine breite Anwendung geeignet sind.<\/p>\n<h4><span style=\"color: #5a7699;\"><strong>Materialangaben<\/strong><\/span><\/h4>\n<p>Das Produkt besteht aus einer Mischung aus 651 % gek\u00e4mmter Baumwolle und 351 % Polyester. Baumwolle ist von Natur aus atmungsaktiv, w\u00e4hrend Polyester zur Strapazierf\u00e4higkeit und Knitterfestigkeit der Weste beitr\u00e4gt.<\/p>\n<p>Isoli, 370 g\/m\u00b2. Isoli wird als Single-Jersey gestrickt, wobei w\u00e4hrend der Produktion auf der linken Seite ein zus\u00e4tzliches Garn angef\u00fcgt wird. Das Gewicht von 370 g\/m\u00b2 entspricht einer schwereren Qualit\u00e4t. Die Strickjacke ist industriell waschmaschinengeeignet.<\/p>\n<h4><span style=\"color: #5a7699;\"><strong>Druck-, Stick- und Beschriftungsm\u00f6glichkeiten<\/strong><\/span><\/h4>\n<p>Unser gesamtes Sortiment eignet sich f\u00fcr B2B, Merchandising und Private Label. Sie m\u00f6chten unbedruckte Kleidung bestellen, diese mit Ihrem eigenen Design bedrucken lassen oder ben\u00f6tigen Druckvorlagen zum Selbstaufbringen? Das Team von Labelfree unterst\u00fctzt Sie dabei in jedem Schritt.<\/p>\n<p>Labelfree bietet eine Vielzahl professioneller Druckoptionen, darunter Transferdruck, DTF-Druck, Siebdruck und Stickerei. Sie k\u00f6nnen beispielsweise auch Ihre eigenen Nackenaufdrucke und Etiketten auf den \u00c4rmel drucken lassen.<\/p>\n<p>Ben\u00f6tigen Sie Hilfe bei Ihrem eigenen Design? Unsere Grafikdesigner unterst\u00fctzen Sie gerne. So stellen wir sicher, dass das Endprodukt perfekt auf Ihre Bed\u00fcrfnisse zugeschnitten ist. Sie erhalten immer zun\u00e4chst ein kostenloses, visuelles Angebot. Kontaktieren Sie uns, um die M\u00f6glichkeiten zur Erstellung Ihrer eigenen Kollektion zu erkunden.<\/p>\n<p>&nbsp;<\/p>\n<p>Pflegeanleitung<\/p>\n<p><img decoding=\"async\" class=\"alignnone wp-image-57074\" src=\"https:\/\/labelfree.nl\/wp-content\/uploads\/2024\/10\/Storm_industrial_washing_60.jpg\" alt=\"\" width=\"184\" height=\"32\" srcset=\"https:\/\/labelfree.nl\/wp-content\/uploads\/2024\/10\/Storm_industrial_washing_60.jpg 132w, https:\/\/labelfree.nl\/wp-content\/uploads\/2024\/10\/Storm_industrial_washing_60-18x3.jpg 18w\" sizes=\"(max-width: 184px) 100vw, 184px\" \/><\/p>\n<p>&nbsp;<\/p>\n<p>&nbsp;<\/p>\n<p>&nbsp;<\/p>\n<p>&nbsp;<\/p>","protected":false},"excerpt":{"rendered":"<p>Brandless sweatshirt met rits. Betrouwbaar en stijlvol werkvest, industrieel wasbaar. Opstaande kraag, steekzakken. Isoli, 370 g\/m\u00b2 voor de juiste prijs logt u in en klikt u op de kleur en maat &nbsp; sweatshirt rits work \u2013 werkkleding 65% katoen \/ 35% polyester Materiaal: 65% katoen \/ 35% polyester Isoli jersey Gewicht: 370 g\/m\u00b2 Geschikt voor [&hellip;]<\/p>\n","protected":false},"featured_media":55086,"template":"","meta":{"_acf_changed":false},"product_brand":[],"product_cat":[607,114],"product_tag":[463,462,464],"class_list":{"0":"post-45724","1":"product","2":"type-product","3":"status-publish","4":"has-post-thumbnail","6":"product_cat-werkkleding","7":"product_cat-zip-sweat","8":"product_tag-sweatshirt-met-opstaande-kraag","9":"product_tag-sweatshirt-met-rits","10":"product_tag-sweatshirts","11":"pa_size-2xl","12":"pa_size-3xl","13":"pa_size-4xl","14":"pa_size-5xl","15":"pa_size-l","16":"pa_size-m","17":"pa_size-s","18":"pa_size-xl","19":"pa_size-xs","20":"pa_size-xxl","22":"first","23":"instock","24":"taxable","25":"shipping-taxable","26":"purchasable","27":"product-type-variable"},"acf":[],"yoast_head":"<!-- This site is optimized with the Yoast SEO plugin v27.5 - https:\/\/yoast.com\/product\/yoast-seo-wordpress\/ -->\n<title>Stijvol en betrouwbaar werkvest. Bedrukking logo&#039;s en ontwerphulp<\/title>\n<meta name=\"description\" content=\"Sweatshirt met rits. Industrieel wasbaar. Isoli, 370 g\/m\u00b2 zware kwaliteit. Blanco of bedrukt werkvest. Werkkleding logo prints en ontwerphulp mogelijk.\" \/>\n<meta name=\"robots\" content=\"index, follow, max-snippet:-1, max-image-preview:large, max-video-preview:-1\" \/>\n<link rel=\"canonical\" href=\"https:\/\/labelfree.nl\/de\/produkt\/st736-work-zip-sweat\/\" \/>\n<meta property=\"og:locale\" content=\"de_DE\" \/>\n<meta property=\"og:type\" content=\"article\" \/>\n<meta property=\"og:title\" content=\"Stijvol en betrouwbaar werkvest. Bedrukking logo&#039;s en ontwerphulp\" \/>\n<meta property=\"og:description\" content=\"Sweatshirt met rits. Industrieel wasbaar. Isoli, 370 g\/m\u00b2 zware kwaliteit. Blanco of bedrukt werkvest. Werkkleding logo prints en ontwerphulp mogelijk.\" \/>\n<meta property=\"og:url\" content=\"https:\/\/labelfree.nl\/de\/produkt\/st736-work-zip-sweat\/\" \/>\n<meta property=\"og:site_name\" content=\"Labelfree\" \/>\n<meta property=\"article:modified_time\" content=\"2026-04-30T00:03:47+00:00\" \/>\n<meta property=\"og:image\" content=\"https:\/\/labelfree.nl\/wp-content\/uploads\/2024\/10\/000736_WorkZipSweat_01.jpg\" \/>\n\t<meta property=\"og:image:width\" content=\"1080\" \/>\n\t<meta property=\"og:image:height\" content=\"1080\" \/>\n\t<meta property=\"og:image:type\" content=\"image\/jpeg\" \/>\n<meta name=\"twitter:card\" content=\"summary_large_image\" \/>\n<meta name=\"twitter:label1\" content=\"Gesch\u00e4tzte Lesezeit\" \/>\n\t<meta name=\"twitter:data1\" content=\"3\u00a0Minuten\" \/>\n<script type=\"application\/ld+json\" class=\"yoast-schema-graph\">{\"@context\":\"https:\\\/\\\/schema.org\",\"@graph\":[{\"@type\":\"WebPage\",\"@id\":\"https:\\\/\\\/labelfree.nl\\\/product\\\/sweatershirt-met-ritssluiting-werkkleding-logo-bedrukken-ontwerphulp-labelfree\\\/\",\"url\":\"https:\\\/\\\/labelfree.nl\\\/product\\\/sweatershirt-met-ritssluiting-werkkleding-logo-bedrukken-ontwerphulp-labelfree\\\/\",\"name\":\"Stijvol en betrouwbaar werkvest. Bedrukking logo's en ontwerphulp\",\"isPartOf\":{\"@id\":\"https:\\\/\\\/labelfree.nl\\\/#website\"},\"primaryImageOfPage\":{\"@id\":\"https:\\\/\\\/labelfree.nl\\\/product\\\/sweatershirt-met-ritssluiting-werkkleding-logo-bedrukken-ontwerphulp-labelfree\\\/#primaryimage\"},\"image\":{\"@id\":\"https:\\\/\\\/labelfree.nl\\\/product\\\/sweatershirt-met-ritssluiting-werkkleding-logo-bedrukken-ontwerphulp-labelfree\\\/#primaryimage\"},\"thumbnailUrl\":\"https:\\\/\\\/labelfree.nl\\\/wp-content\\\/uploads\\\/2024\\\/10\\\/000736_WorkZipSweat_01.jpg\",\"datePublished\":\"2024-10-24T17:18:37+00:00\",\"dateModified\":\"2026-04-30T00:03:47+00:00\",\"description\":\"Sweatshirt met rits. Industrieel wasbaar. Isoli, 370 g\\\/m\u00b2 zware kwaliteit. Blanco of bedrukt werkvest. Werkkleding logo prints en ontwerphulp mogelijk.\",\"breadcrumb\":{\"@id\":\"https:\\\/\\\/labelfree.nl\\\/product\\\/sweatershirt-met-ritssluiting-werkkleding-logo-bedrukken-ontwerphulp-labelfree\\\/#breadcrumb\"},\"inLanguage\":\"de\",\"potentialAction\":[{\"@type\":\"ReadAction\",\"target\":[\"https:\\\/\\\/labelfree.nl\\\/product\\\/sweatershirt-met-ritssluiting-werkkleding-logo-bedrukken-ontwerphulp-labelfree\\\/\"]}]},{\"@type\":\"ImageObject\",\"inLanguage\":\"de\",\"@id\":\"https:\\\/\\\/labelfree.nl\\\/product\\\/sweatershirt-met-ritssluiting-werkkleding-logo-bedrukken-ontwerphulp-labelfree\\\/#primaryimage\",\"url\":\"https:\\\/\\\/labelfree.nl\\\/wp-content\\\/uploads\\\/2024\\\/10\\\/000736_WorkZipSweat_01.jpg\",\"contentUrl\":\"https:\\\/\\\/labelfree.nl\\\/wp-content\\\/uploads\\\/2024\\\/10\\\/000736_WorkZipSweat_01.jpg\",\"width\":1080,\"height\":1080,\"caption\":\"Werkvest met rits -Indusrieel wasbaar\"},{\"@type\":\"BreadcrumbList\",\"@id\":\"https:\\\/\\\/labelfree.nl\\\/product\\\/sweatershirt-met-ritssluiting-werkkleding-logo-bedrukken-ontwerphulp-labelfree\\\/#breadcrumb\",\"itemListElement\":[{\"@type\":\"ListItem\",\"position\":1,\"name\":\"Home\",\"item\":\"https:\\\/\\\/labelfree.nl\\\/\"},{\"@type\":\"ListItem\",\"position\":2,\"name\":\"Webshop\",\"item\":\"https:\\\/\\\/labelfree.nl\\\/webshop\\\/\"},{\"@type\":\"ListItem\",\"position\":3,\"name\":\"sweatshirt met rits 370 g\\\/m\u00b2 &#8211; werkkleding\"}]},{\"@type\":\"WebSite\",\"@id\":\"https:\\\/\\\/labelfree.nl\\\/#website\",\"url\":\"https:\\\/\\\/labelfree.nl\\\/\",\"name\":\"Labelfree\",\"description\":\"Brandless quality\",\"potentialAction\":[{\"@type\":\"SearchAction\",\"target\":{\"@type\":\"EntryPoint\",\"urlTemplate\":\"https:\\\/\\\/labelfree.nl\\\/?s={search_term_string}\"},\"query-input\":{\"@type\":\"PropertyValueSpecification\",\"valueRequired\":true,\"valueName\":\"search_term_string\"}}],\"inLanguage\":\"de\"}]}<\/script>\n<!-- \/ Yoast SEO plugin. -->","yoast_head_json":{"title":"Stilvolle und zuverl\u00e4ssige Arbeitsweste. Logodruck und Designunterst\u00fctzung.","description":"Sweatshirt mit Rei\u00dfverschluss. Industriewaschbar. Hochwertiges Isoli-Gewebe (370 g\/m\u00b2). Arbeitsjacke unbedruckt oder bedruckt. Logodruck und Designunterst\u00fctzung f\u00fcr Arbeitskleidung verf\u00fcgbar.","robots":{"index":"index","follow":"follow","max-snippet":"max-snippet:-1","max-image-preview":"max-image-preview:large","max-video-preview":"max-video-preview:-1"},"canonical":"https:\/\/labelfree.nl\/de\/produkt\/st736-work-zip-sweat\/","og_locale":"de_DE","og_type":"article","og_title":"Stijvol en betrouwbaar werkvest. Bedrukking logo's en ontwerphulp","og_description":"Sweatshirt met rits. Industrieel wasbaar. Isoli, 370 g\/m\u00b2 zware kwaliteit. Blanco of bedrukt werkvest. Werkkleding logo prints en ontwerphulp mogelijk.","og_url":"https:\/\/labelfree.nl\/de\/produkt\/st736-work-zip-sweat\/","og_site_name":"Labelfree","article_modified_time":"2026-04-30T00:03:47+00:00","og_image":[{"width":1080,"height":1080,"url":"https:\/\/labelfree.nl\/wp-content\/uploads\/2024\/10\/000736_WorkZipSweat_01.jpg","type":"image\/jpeg"}],"twitter_card":"summary_large_image","twitter_misc":{"Gesch\u00e4tzte Lesezeit":"3\u00a0Minuten"},"schema":{"@context":"https:\/\/schema.org","@graph":[{"@type":"WebPage","@id":"https:\/\/labelfree.nl\/product\/sweatershirt-met-ritssluiting-werkkleding-logo-bedrukken-ontwerphulp-labelfree\/","url":"https:\/\/labelfree.nl\/product\/sweatershirt-met-ritssluiting-werkkleding-logo-bedrukken-ontwerphulp-labelfree\/","name":"Stilvolle und zuverl\u00e4ssige Arbeitsweste. Logodruck und Designunterst\u00fctzung.","isPartOf":{"@id":"https:\/\/labelfree.nl\/#website"},"primaryImageOfPage":{"@id":"https:\/\/labelfree.nl\/product\/sweatershirt-met-ritssluiting-werkkleding-logo-bedrukken-ontwerphulp-labelfree\/#primaryimage"},"image":{"@id":"https:\/\/labelfree.nl\/product\/sweatershirt-met-ritssluiting-werkkleding-logo-bedrukken-ontwerphulp-labelfree\/#primaryimage"},"thumbnailUrl":"https:\/\/labelfree.nl\/wp-content\/uploads\/2024\/10\/000736_WorkZipSweat_01.jpg","datePublished":"2024-10-24T17:18:37+00:00","dateModified":"2026-04-30T00:03:47+00:00","description":"Sweatshirt mit Rei\u00dfverschluss. Industriewaschbar. Hochwertiges Isoli-Gewebe (370 g\/m\u00b2). Arbeitsjacke unbedruckt oder bedruckt. Logodruck und Designunterst\u00fctzung f\u00fcr Arbeitskleidung verf\u00fcgbar.","breadcrumb":{"@id":"https:\/\/labelfree.nl\/product\/sweatershirt-met-ritssluiting-werkkleding-logo-bedrukken-ontwerphulp-labelfree\/#breadcrumb"},"inLanguage":"de","potentialAction":[{"@type":"ReadAction","target":["https:\/\/labelfree.nl\/product\/sweatershirt-met-ritssluiting-werkkleding-logo-bedrukken-ontwerphulp-labelfree\/"]}]},{"@type":"ImageObject","inLanguage":"de","@id":"https:\/\/labelfree.nl\/product\/sweatershirt-met-ritssluiting-werkkleding-logo-bedrukken-ontwerphulp-labelfree\/#primaryimage","url":"https:\/\/labelfree.nl\/wp-content\/uploads\/2024\/10\/000736_WorkZipSweat_01.jpg","contentUrl":"https:\/\/labelfree.nl\/wp-content\/uploads\/2024\/10\/000736_WorkZipSweat_01.jpg","width":1080,"height":1080,"caption":"Werkvest met rits -Indusrieel wasbaar"},{"@type":"BreadcrumbList","@id":"https:\/\/labelfree.nl\/product\/sweatershirt-met-ritssluiting-werkkleding-logo-bedrukken-ontwerphulp-labelfree\/#breadcrumb","itemListElement":[{"@type":"ListItem","position":1,"name":"Home","item":"https:\/\/labelfree.nl\/"},{"@type":"ListItem","position":2,"name":"Webshop","item":"https:\/\/labelfree.nl\/webshop\/"},{"@type":"ListItem","position":3,"name":"sweatshirt met rits 370 g\/m\u00b2 &#8211; werkkleding"}]},{"@type":"WebSite","@id":"https:\/\/labelfree.nl\/#website","url":"https:\/\/labelfree.nl\/","name":"Etikettenfrei","description":"Markenlose Qualit\u00e4t","potentialAction":[{"@type":"SearchAction","target":{"@type":"EntryPoint","urlTemplate":"https:\/\/labelfree.nl\/?s={search_term_string}"},"query-input":{"@type":"PropertyValueSpecification","valueRequired":true,"valueName":"search_term_string"}}],"inLanguage":"de"}]}},"jetpack_sharing_enabled":true,"_links":{"self":[{"href":"https:\/\/labelfree.nl\/de\/wp-json\/wp\/v2\/product\/45724","targetHints":{"allow":["GET"]}}],"collection":[{"href":"https:\/\/labelfree.nl\/de\/wp-json\/wp\/v2\/product"}],"about":[{"href":"https:\/\/labelfree.nl\/de\/wp-json\/wp\/v2\/types\/product"}],"wp:featuredmedia":[{"embeddable":true,"href":"https:\/\/labelfree.nl\/de\/wp-json\/wp\/v2\/media\/55086"}],"wp:attachment":[{"href":"https:\/\/labelfree.nl\/de\/wp-json\/wp\/v2\/media?parent=45724"}],"wp:term":[{"taxonomy":"product_brand","embeddable":true,"href":"https:\/\/labelfree.nl\/de\/wp-json\/wp\/v2\/product_brand?post=45724"},{"taxonomy":"product_cat","embeddable":true,"href":"https:\/\/labelfree.nl\/de\/wp-json\/wp\/v2\/product_cat?post=45724"},{"taxonomy":"product_tag","embeddable":true,"href":"https:\/\/labelfree.nl\/de\/wp-json\/wp\/v2\/product_tag?post=45724"}],"curies":[{"name":"wp","href":"https:\/\/api.w.org\/{rel}","templated":true}]}}