{"id":61286,"date":"2026-03-06T10:06:33","date_gmt":"2026-03-06T09:06:33","guid":{"rendered":"https:\/\/labelfree.nl\/?post_type=product&#038;p=61286"},"modified":"2026-04-19T02:04:29","modified_gmt":"2026-04-19T00:04:29","slug":"blanco-unisex-tshirt-dubbel-gebreid-240gsm-katoen-bedrukken-ontwerphulp-labelfree","status":"publish","type":"product","link":"https:\/\/labelfree.nl\/de\/produkt\/markenloses-t-shirt-doppelstrick-rippstrick-240-g-m\u00b2-bio-baumwolle-professionelle-drucke-designunterstutzung\/","title":{"rendered":"Blanko-T-Shirt, Doppelstrick (1x1 Rippstrick), 240 g\/m\u00b2 Bio-Baumwolle"},"content":{"rendered":"<p>Hochwertiges Unisex-T-Shirt in schwerer Qualit\u00e4t (240 g\/m\u00b2). Sauber verarbeiteter Rundhalsausschnitt. Das Material ist aus elastischem 1x1-Rippstrick gefertigt und bietet eine nat\u00fcrliche, k\u00f6rpernahe Passform.<\/p>\n<p><em>Um den korrekten Preis und die Verf\u00fcgbarkeit zu sehen, klicken Sie (nach dem Einloggen) auf die Farbe und Gr\u00f6\u00dfe.<\/em><\/p>\n<p>&nbsp;<\/p>\n<h3><span style=\"color: #5a7699;\"><strong>Blanko-T-Shirt, Unisex, Doppelstrick<\/strong><\/span><\/h3>\n<p>100% Bio-Baumwolle. One-by-One-Rippstrick, 240 g\/m\u00b2<\/p>\n<p><img decoding=\"async\" class=\"alignnone size-full wp-image-66995\" src=\"https:\/\/labelfree.nl\/wp-content\/uploads\/2026\/03\/GOTS_2-1-1.jpg\" alt=\"\" width=\"155\" height=\"93\" srcset=\"https:\/\/labelfree.nl\/wp-content\/uploads\/2026\/03\/GOTS_2-1-1.jpg 155w, https:\/\/labelfree.nl\/wp-content\/uploads\/2026\/03\/GOTS_2-1-1-18x12.jpg 18w\" sizes=\"(max-width: 155px) 100vw, 155px\" \/><\/p>\n<ul>\n<li>Qualit\u00e4t: 100% Bio-Baumwolle, gek\u00e4mmt und enzymgewaschen<\/li>\n<li>Eins-zu-eins-Rippstrick (traditionelles Rippengewebe, elastisch)<\/li>\n<li>Gewicht: 240 g\/m\u00b2<\/li>\n<li>Eng anliegendes Design f\u00fcr vielseitige Einsatzm\u00f6glichkeiten<\/li>\n<li>Erh\u00e4ltlich in 4 Farben<\/li>\n<li>Erh\u00e4ltlich von Gr\u00f6\u00dfe XS bis 3XL<\/li>\n<li>Markenlos, kleines Gr\u00f6\u00dfenetikett im Halsausschnitt<\/li>\n<li>Geeignet f\u00fcr Siebdruck, Transferdruck, DTG-Druck und Stickerei<\/li>\n<li>Karton: 50 St\u00fcck. Einzelverpackung: 10 St\u00fcck. Einzeln bestellbar.<\/li>\n<\/ul>\n<p>&nbsp;<\/p>\n<h4><span style=\"color: #5a7699;\"><strong>One by One Rippstrick-T-Shirt \u2013 perfekte Passform und strapazierf\u00e4hig<\/strong><\/span><\/h4>\n<p>Unser Double Knit T-Shirt ist die perfekte Wahl f\u00fcr alle, die ein hochwertiges, k\u00f6rperbetontes T-Shirt f\u00fcr den Alltag suchen. Das 1x1-Rippstrickmuster ist ein traditionelles Rippstrickgewebe. Der Stoff ist quer dehnbar und schmiegt sich daher optimal an den K\u00f6rper an, ohne seine Form zu verlieren. Er ist von schwerer Qualit\u00e4t.<\/p>\n<p>Es hat einen figurbetonten Schnitt aus einem etwas dickeren Stoff, der jede Silhouette vorteilhaft betont. Dadurch eignet es sich hervorragend als Arbeitskleidung.<\/p>\n<p>Dieses vielseitige und bequeme T-Shirt mit klassischem Rundhalsausschnitt ist mit einem schmalen, doppelt gerippten Saum versehen. Die \u00c4rmel sind eng anliegend. Sorgf\u00e4ltig verarbeitete Seitenn\u00e4hte garantieren eine hochwertige Verarbeitung und ein edles Erscheinungsbild.<\/p>\n<p>Dieses Hemd eignet sich ideal f\u00fcr Unternehmen, die beispielsweise einen zuverl\u00e4ssigen Lieferanten f\u00fcr Eventbekleidung suchen. Es ist in gro\u00dfen Mengen und mit schneller Lieferung erh\u00e4ltlich. Unsere Druckoptionen finden Sie weiter unten.<\/p>\n<h4><span style=\"color: #5a7699;\"><strong>Materialangaben<\/strong><\/span><\/h4>\n<p>Qualit\u00e4t: 1001 TP3T Bio-Baumwolle, gek\u00e4mmt und enzymgewaschen. Die gek\u00e4mmte Baumwolle sorgt f\u00fcr ein besonders weiches Tragegef\u00fchl. Unsere Baumwolle ist umweltfreundlich, stammt aus kontrolliert biologischem Anbau ohne sch\u00e4dliche Chemikalien und wird unter verantwortungsvollen Bedingungen produziert.<em>. <\/em><\/p>\n<p>One-by-One-Rippenmuster, 240 g\/m\u00b2. Dieses traditionelle Strickmuster zeichnet sich durch den Wechsel von rechten und linken Maschen aus. Dadurch entsteht ein feines Rippenmuster mit hoher Elastizit\u00e4t. Mit einem Gewicht von 240 g\/m\u00b2 ist es robust und langlebig.<\/p>\n<h4><span style=\"color: #5a7699;\"><strong>Druck-, Stick- und Beschriftungsm\u00f6glichkeiten<\/strong><\/span><\/h4>\n<p>Unser gesamtes Sortiment eignet sich f\u00fcr B2B, Merchandising und Private Label. Sie m\u00f6chten unbedruckte Kleidung bestellen, diese mit Ihrem eigenen Design bedrucken lassen oder ben\u00f6tigen Druckvorlagen zum Selbstaufbringen? Das Team von Labelfree unterst\u00fctzt Sie dabei in jedem Schritt.<\/p>\n<p>Labelfree bietet eine Vielzahl professioneller Druckoptionen, darunter Transferdruck, DTF-Druck, Siebdruck und Stickerei. Sie k\u00f6nnen beispielsweise auch Ihre eigenen Nackenaufdrucke und Etiketten auf den \u00c4rmel drucken lassen.<\/p>\n<p>Ben\u00f6tigen Sie Hilfe bei Ihrem eigenen Design? Unsere Grafikdesigner unterst\u00fctzen Sie gerne. So stellen wir sicher, dass das Endprodukt perfekt auf Ihre Bed\u00fcrfnisse zugeschnitten ist. Sie erhalten immer zun\u00e4chst ein kostenloses, visuelles Angebot. Kontaktieren Sie uns, um die M\u00f6glichkeiten zur Erstellung Ihrer eigenen Kollektion zu erkunden.<\/p>\n<p>&nbsp;<\/p>\n<p>Gr\u00f6\u00dfentabelle<\/p>\n<p><img decoding=\"async\" class=\"alignnone wp-image-66996\" src=\"https:\/\/labelfree.nl\/wp-content\/uploads\/2026\/03\/000301_One_By_One-300x35.png\" alt=\"\" width=\"609\" height=\"71\" srcset=\"https:\/\/labelfree.nl\/wp-content\/uploads\/2026\/03\/000301_One_By_One-300x35.png 300w, https:\/\/labelfree.nl\/wp-content\/uploads\/2026\/03\/000301_One_By_One-1030x121.png 1030w, https:\/\/labelfree.nl\/wp-content\/uploads\/2026\/03\/000301_One_By_One-768x90.png 768w, https:\/\/labelfree.nl\/wp-content\/uploads\/2026\/03\/000301_One_By_One-1536x180.png 1536w, https:\/\/labelfree.nl\/wp-content\/uploads\/2026\/03\/000301_One_By_One-18x2.png 18w, https:\/\/labelfree.nl\/wp-content\/uploads\/2026\/03\/000301_One_By_One-600x70.png 600w, https:\/\/labelfree.nl\/wp-content\/uploads\/2026\/03\/000301_One_By_One.png 1538w\" sizes=\"(max-width: 609px) 100vw, 609px\" \/><\/p>\n<p>Pflegeanleitung<\/p>\n<p><img decoding=\"async\" class=\"alignnone wp-image-66997\" src=\"https:\/\/labelfree.nl\/wp-content\/uploads\/2026\/03\/Storm_washing_instructions_40_0-1.gif\" alt=\"\" width=\"166\" height=\"25\" \/><\/p>\n<p>&nbsp;<\/p>","protected":false},"excerpt":{"rendered":"<p>Unisex t-shirt van zware kwaliteit, 240 g\/m\u00b2. Mooi afgewerkte ronde hals. De stof heeft een elastische 1&#215;1 rib en een natuurlijke nauwsluitende fit. voor de juiste prijs en voorraad klikt u (ingelogd) op de kleur en maat &nbsp; blanco t-shirt unisex dubbel gebreid 100% Biologisch katoen. One By One rib, 240 g\/m\u00b2 Kwaliteit: 100% biologisch [&hellip;]<\/p>\n","protected":false},"featured_media":53510,"template":"","meta":{"_acf_changed":false},"product_brand":[],"product_cat":[19,46,607],"product_tag":[],"class_list":{"0":"post-61286","1":"product","2":"type-product","3":"status-publish","4":"has-post-thumbnail","6":"product_cat-t-shirts","7":"product_cat-t-shirts-crew-neck","8":"product_cat-werkkleding","9":"pa_size-2xl","10":"pa_size-3xl","11":"pa_size-4xl","12":"pa_size-5xl","13":"pa_size-6xl","14":"pa_size-l","15":"pa_size-m","16":"pa_size-s","17":"pa_size-xl","18":"pa_size-xs","19":"pa_size-xxl","21":"first","22":"instock","23":"taxable","24":"shipping-taxable","25":"purchasable","26":"product-type-variable"},"acf":[],"yoast_head":"<!-- This site is optimized with the Yoast SEO plugin v27.4 - https:\/\/yoast.com\/product\/yoast-seo-wordpress\/ -->\n<title>Blanco Unisex T-shirt 240 g\/m\u00b2 Dubbel Gebreid | 100% Katoen<\/title>\n<meta name=\"description\" content=\"Blanco unisex T-shirt dubbel gebreid van 100% katoen (240 g\/m\u00b2). Zware kwaliteit met comfortabele pasvorm, ideaal voor bedrukken, borduren en merchandise.\" \/>\n<meta name=\"robots\" content=\"index, follow, max-snippet:-1, max-image-preview:large, max-video-preview:-1\" \/>\n<link rel=\"canonical\" href=\"https:\/\/labelfree.nl\/de\/produkt\/markenloses-t-shirt-doppelstrick-rippstrick-240-g-m\u00b2-bio-baumwolle-professionelle-drucke-designunterstutzung\/\" \/>\n<meta property=\"og:locale\" content=\"de_DE\" \/>\n<meta property=\"og:type\" content=\"article\" \/>\n<meta property=\"og:title\" content=\"Blanco Unisex T-shirt 240 g\/m\u00b2 Dubbel Gebreid | 100% Katoen\" \/>\n<meta property=\"og:description\" content=\"Blanco unisex T-shirt dubbel gebreid van 100% katoen (240 g\/m\u00b2). Zware kwaliteit met comfortabele pasvorm, ideaal voor bedrukken, borduren en merchandise.\" \/>\n<meta property=\"og:url\" content=\"https:\/\/labelfree.nl\/de\/produkt\/markenloses-t-shirt-doppelstrick-rippstrick-240-g-m\u00b2-bio-baumwolle-professionelle-drucke-designunterstutzung\/\" \/>\n<meta property=\"og:site_name\" content=\"Labelfree\" \/>\n<meta property=\"article:modified_time\" content=\"2026-04-19T00:04:29+00:00\" \/>\n<meta property=\"og:image\" content=\"https:\/\/labelfree.nl\/wp-content\/uploads\/2024\/10\/000301_One_By_One_01-1-scaled.jpg\" \/>\n\t<meta property=\"og:image:width\" content=\"869\" \/>\n\t<meta property=\"og:image:height\" content=\"1920\" \/>\n\t<meta property=\"og:image:type\" content=\"image\/jpeg\" \/>\n<meta name=\"twitter:card\" content=\"summary_large_image\" \/>\n<meta name=\"twitter:label1\" content=\"Gesch\u00e4tzte Lesezeit\" \/>\n\t<meta name=\"twitter:data1\" content=\"4\u00a0Minuten\" \/>\n<script type=\"application\/ld+json\" class=\"yoast-schema-graph\">{\"@context\":\"https:\\\/\\\/schema.org\",\"@graph\":[{\"@type\":\"WebPage\",\"@id\":\"https:\\\/\\\/labelfree.nl\\\/product\\\/blanco-unisex-tshirt-dubbel-gebreid-240gsm-katoen-bedrukken-ontwerphulp-labelfree\\\/\",\"url\":\"https:\\\/\\\/labelfree.nl\\\/product\\\/blanco-unisex-tshirt-dubbel-gebreid-240gsm-katoen-bedrukken-ontwerphulp-labelfree\\\/\",\"name\":\"Blanco Unisex T-shirt 240 g\\\/m\u00b2 Dubbel Gebreid | 100% Katoen\",\"isPartOf\":{\"@id\":\"https:\\\/\\\/labelfree.nl\\\/#website\"},\"primaryImageOfPage\":{\"@id\":\"https:\\\/\\\/labelfree.nl\\\/product\\\/blanco-unisex-tshirt-dubbel-gebreid-240gsm-katoen-bedrukken-ontwerphulp-labelfree\\\/#primaryimage\"},\"image\":{\"@id\":\"https:\\\/\\\/labelfree.nl\\\/product\\\/blanco-unisex-tshirt-dubbel-gebreid-240gsm-katoen-bedrukken-ontwerphulp-labelfree\\\/#primaryimage\"},\"thumbnailUrl\":\"https:\\\/\\\/labelfree.nl\\\/wp-content\\\/uploads\\\/2024\\\/10\\\/000301_One_By_One_01-1-scaled.jpg\",\"datePublished\":\"2026-03-06T09:06:33+00:00\",\"dateModified\":\"2026-04-19T00:04:29+00:00\",\"description\":\"Blanco unisex T-shirt dubbel gebreid van 100% katoen (240 g\\\/m\u00b2). Zware kwaliteit met comfortabele pasvorm, ideaal voor bedrukken, borduren en merchandise.\",\"breadcrumb\":{\"@id\":\"https:\\\/\\\/labelfree.nl\\\/product\\\/blanco-unisex-tshirt-dubbel-gebreid-240gsm-katoen-bedrukken-ontwerphulp-labelfree\\\/#breadcrumb\"},\"inLanguage\":\"de\",\"potentialAction\":[{\"@type\":\"ReadAction\",\"target\":[\"https:\\\/\\\/labelfree.nl\\\/product\\\/blanco-unisex-tshirt-dubbel-gebreid-240gsm-katoen-bedrukken-ontwerphulp-labelfree\\\/\"]}]},{\"@type\":\"ImageObject\",\"inLanguage\":\"de\",\"@id\":\"https:\\\/\\\/labelfree.nl\\\/product\\\/blanco-unisex-tshirt-dubbel-gebreid-240gsm-katoen-bedrukken-ontwerphulp-labelfree\\\/#primaryimage\",\"url\":\"https:\\\/\\\/labelfree.nl\\\/wp-content\\\/uploads\\\/2024\\\/10\\\/000301_One_By_One_01-1-scaled.jpg\",\"contentUrl\":\"https:\\\/\\\/labelfree.nl\\\/wp-content\\\/uploads\\\/2024\\\/10\\\/000301_One_By_One_01-1-scaled.jpg\",\"width\":869,\"height\":1920,\"caption\":\"Dubbelgebreid unisex T-shirt van biologisch katoen met One by One ribstof en ronde hals \u2013 heavyweight 240 g\\\/m\u00b2\"},{\"@type\":\"BreadcrumbList\",\"@id\":\"https:\\\/\\\/labelfree.nl\\\/product\\\/blanco-unisex-tshirt-dubbel-gebreid-240gsm-katoen-bedrukken-ontwerphulp-labelfree\\\/#breadcrumb\",\"itemListElement\":[{\"@type\":\"ListItem\",\"position\":1,\"name\":\"Home\",\"item\":\"https:\\\/\\\/labelfree.nl\\\/\"},{\"@type\":\"ListItem\",\"position\":2,\"name\":\"Webshop\",\"item\":\"https:\\\/\\\/labelfree.nl\\\/webshop\\\/\"},{\"@type\":\"ListItem\",\"position\":3,\"name\":\"Blanco T-shirt dubbelgebreid (1&#215;1 rib) 240 g\\\/m\u00b2 Biologisch katoen\"}]},{\"@type\":\"WebSite\",\"@id\":\"https:\\\/\\\/labelfree.nl\\\/#website\",\"url\":\"https:\\\/\\\/labelfree.nl\\\/\",\"name\":\"Labelfree\",\"description\":\"Brandless quality\",\"potentialAction\":[{\"@type\":\"SearchAction\",\"target\":{\"@type\":\"EntryPoint\",\"urlTemplate\":\"https:\\\/\\\/labelfree.nl\\\/?s={search_term_string}\"},\"query-input\":{\"@type\":\"PropertyValueSpecification\",\"valueRequired\":true,\"valueName\":\"search_term_string\"}}],\"inLanguage\":\"de\"}]}<\/script>\n<!-- \/ Yoast SEO plugin. -->","yoast_head_json":{"title":"Wei\u00dfes Unisex-T-Shirt, 240 g\/m\u00b2 Doppelstrick | 100% Baumwolle","description":"Unbedrucktes Unisex-T-Shirt, doppelt gestrickt, aus 100% Baumwolle (240 g\/m\u00b2). Hochwertige, schwere Qualit\u00e4t mit bequemer Passform, ideal zum Bedrucken, Besticken und f\u00fcr Merchandising.","robots":{"index":"index","follow":"follow","max-snippet":"max-snippet:-1","max-image-preview":"max-image-preview:large","max-video-preview":"max-video-preview:-1"},"canonical":"https:\/\/labelfree.nl\/de\/produkt\/markenloses-t-shirt-doppelstrick-rippstrick-240-g-m\u00b2-bio-baumwolle-professionelle-drucke-designunterstutzung\/","og_locale":"de_DE","og_type":"article","og_title":"Blanco Unisex T-shirt 240 g\/m\u00b2 Dubbel Gebreid | 100% Katoen","og_description":"Blanco unisex T-shirt dubbel gebreid van 100% katoen (240 g\/m\u00b2). Zware kwaliteit met comfortabele pasvorm, ideaal voor bedrukken, borduren en merchandise.","og_url":"https:\/\/labelfree.nl\/de\/produkt\/markenloses-t-shirt-doppelstrick-rippstrick-240-g-m\u00b2-bio-baumwolle-professionelle-drucke-designunterstutzung\/","og_site_name":"Labelfree","article_modified_time":"2026-04-19T00:04:29+00:00","og_image":[{"width":869,"height":1920,"url":"https:\/\/labelfree.nl\/wp-content\/uploads\/2024\/10\/000301_One_By_One_01-1-scaled.jpg","type":"image\/jpeg"}],"twitter_card":"summary_large_image","twitter_misc":{"Gesch\u00e4tzte Lesezeit":"4\u00a0Minuten"},"schema":{"@context":"https:\/\/schema.org","@graph":[{"@type":"WebPage","@id":"https:\/\/labelfree.nl\/product\/blanco-unisex-tshirt-dubbel-gebreid-240gsm-katoen-bedrukken-ontwerphulp-labelfree\/","url":"https:\/\/labelfree.nl\/product\/blanco-unisex-tshirt-dubbel-gebreid-240gsm-katoen-bedrukken-ontwerphulp-labelfree\/","name":"Wei\u00dfes Unisex-T-Shirt, 240 g\/m\u00b2 Doppelstrick | 100% Baumwolle","isPartOf":{"@id":"https:\/\/labelfree.nl\/#website"},"primaryImageOfPage":{"@id":"https:\/\/labelfree.nl\/product\/blanco-unisex-tshirt-dubbel-gebreid-240gsm-katoen-bedrukken-ontwerphulp-labelfree\/#primaryimage"},"image":{"@id":"https:\/\/labelfree.nl\/product\/blanco-unisex-tshirt-dubbel-gebreid-240gsm-katoen-bedrukken-ontwerphulp-labelfree\/#primaryimage"},"thumbnailUrl":"https:\/\/labelfree.nl\/wp-content\/uploads\/2024\/10\/000301_One_By_One_01-1-scaled.jpg","datePublished":"2026-03-06T09:06:33+00:00","dateModified":"2026-04-19T00:04:29+00:00","description":"Unbedrucktes Unisex-T-Shirt, doppelt gestrickt, aus 100% Baumwolle (240 g\/m\u00b2). Hochwertige, schwere Qualit\u00e4t mit bequemer Passform, ideal zum Bedrucken, Besticken und f\u00fcr Merchandising.","breadcrumb":{"@id":"https:\/\/labelfree.nl\/product\/blanco-unisex-tshirt-dubbel-gebreid-240gsm-katoen-bedrukken-ontwerphulp-labelfree\/#breadcrumb"},"inLanguage":"de","potentialAction":[{"@type":"ReadAction","target":["https:\/\/labelfree.nl\/product\/blanco-unisex-tshirt-dubbel-gebreid-240gsm-katoen-bedrukken-ontwerphulp-labelfree\/"]}]},{"@type":"ImageObject","inLanguage":"de","@id":"https:\/\/labelfree.nl\/product\/blanco-unisex-tshirt-dubbel-gebreid-240gsm-katoen-bedrukken-ontwerphulp-labelfree\/#primaryimage","url":"https:\/\/labelfree.nl\/wp-content\/uploads\/2024\/10\/000301_One_By_One_01-1-scaled.jpg","contentUrl":"https:\/\/labelfree.nl\/wp-content\/uploads\/2024\/10\/000301_One_By_One_01-1-scaled.jpg","width":869,"height":1920,"caption":"Dubbelgebreid unisex T-shirt van biologisch katoen met One by One ribstof en ronde hals \u2013 heavyweight 240 g\/m\u00b2"},{"@type":"BreadcrumbList","@id":"https:\/\/labelfree.nl\/product\/blanco-unisex-tshirt-dubbel-gebreid-240gsm-katoen-bedrukken-ontwerphulp-labelfree\/#breadcrumb","itemListElement":[{"@type":"ListItem","position":1,"name":"Home","item":"https:\/\/labelfree.nl\/"},{"@type":"ListItem","position":2,"name":"Webshop","item":"https:\/\/labelfree.nl\/webshop\/"},{"@type":"ListItem","position":3,"name":"Blanco T-shirt dubbelgebreid (1&#215;1 rib) 240 g\/m\u00b2 Biologisch katoen"}]},{"@type":"WebSite","@id":"https:\/\/labelfree.nl\/#website","url":"https:\/\/labelfree.nl\/","name":"Etikettenfrei","description":"Markenlose Qualit\u00e4t","potentialAction":[{"@type":"SearchAction","target":{"@type":"EntryPoint","urlTemplate":"https:\/\/labelfree.nl\/?s={search_term_string}"},"query-input":{"@type":"PropertyValueSpecification","valueRequired":true,"valueName":"search_term_string"}}],"inLanguage":"de"}]}},"jetpack_sharing_enabled":true,"_links":{"self":[{"href":"https:\/\/labelfree.nl\/de\/wp-json\/wp\/v2\/product\/61286","targetHints":{"allow":["GET"]}}],"collection":[{"href":"https:\/\/labelfree.nl\/de\/wp-json\/wp\/v2\/product"}],"about":[{"href":"https:\/\/labelfree.nl\/de\/wp-json\/wp\/v2\/types\/product"}],"wp:featuredmedia":[{"embeddable":true,"href":"https:\/\/labelfree.nl\/de\/wp-json\/wp\/v2\/media\/53510"}],"wp:attachment":[{"href":"https:\/\/labelfree.nl\/de\/wp-json\/wp\/v2\/media?parent=61286"}],"wp:term":[{"taxonomy":"product_brand","embeddable":true,"href":"https:\/\/labelfree.nl\/de\/wp-json\/wp\/v2\/product_brand?post=61286"},{"taxonomy":"product_cat","embeddable":true,"href":"https:\/\/labelfree.nl\/de\/wp-json\/wp\/v2\/product_cat?post=61286"},{"taxonomy":"product_tag","embeddable":true,"href":"https:\/\/labelfree.nl\/de\/wp-json\/wp\/v2\/product_tag?post=61286"}],"curies":[{"name":"wp","href":"https:\/\/api.w.org\/{rel}","templated":true}]}}