{"id":61288,"date":"2026-03-06T10:06:35","date_gmt":"2026-03-06T09:06:35","guid":{"rendered":"https:\/\/labelfree.nl\/?post_type=product&#038;p=61288"},"modified":"2026-03-18T10:12:17","modified_gmt":"2026-03-18T09:12:17","slug":"blanco-tshirt-200gm2-biologisch-katoen-interlock-bedrukken","status":"publish","type":"product","link":"https:\/\/labelfree.nl\/de\/produkt\/blanko-t-shirt-200-g-m\u00b2-bio-baumwolle-interlock-druck\/","title":{"rendered":"Blanko-T-Shirt, Doppelstrick (Interlock), 200 g\/m\u00b2, 100% Baumwolle"},"content":{"rendered":"<p><span style=\"color: #333333;\">Interlock-Jersey-T-Shirt, 200 g\/m\u00b2. Das Shirt f\u00fchlt sich weich an und ist von hoher Qualit\u00e4t. Bequemer, figurbetonter Schnitt. 100% Bio-Baumwolle.<\/span><\/p>\n<p><span style=\"color: #333333;\"><em>F\u00fcr die korrekte Preis- und Farbdarstellung melden Sie sich an und klicken Sie auf die Farbe und Gr\u00f6\u00dfe.<\/em><\/span><\/p>\n<p>&nbsp;<\/p>\n<h3><span style=\"color: #5a6799;\"><strong>T-Shirt\u00a0<\/strong><strong>Verriegelung <\/strong><\/span><strong><span style=\"color: #5a6799;\">doppelt gestrickt<\/span>\u00a0<\/strong><\/h3>\n<p>100% Bio-Baumwolle. Interlock 200 g\/m\u00b2<\/p>\n<p><img decoding=\"async\" class=\"alignnone size-full wp-image-66754\" src=\"https:\/\/labelfree.nl\/wp-content\/uploads\/2026\/03\/GOTS_2-1.jpg\" alt=\"\" width=\"155\" height=\"93\" srcset=\"https:\/\/labelfree.nl\/wp-content\/uploads\/2026\/03\/GOTS_2-1.jpg 155w, https:\/\/labelfree.nl\/wp-content\/uploads\/2026\/03\/GOTS_2-1-18x12.jpg 18w\" sizes=\"(max-width: 155px) 100vw, 155px\" \/><\/p>\n<ul>\n<li>Qualit\u00e4t: 100% Bio-Baumwolle (gek\u00e4mmt), enzymgewaschen<\/li>\n<li>Gewicht: 200 g\/m\u00b2<\/li>\n<li>Interlock (Doppelstrick)<\/li>\n<li>Erh\u00e4ltlich in 7 Farben<\/li>\n<li>Erh\u00e4ltlich von Kindergr\u00f6\u00dfe 2 Jahre bis 3XL<\/li>\n<li>Markenlos, kleines Gr\u00f6\u00dfenetikett im Halsausschnitt<\/li>\n<li>Geeignet f\u00fcr Siebdruck, Transferdruck, DTG-Druck und Stickerei<\/li>\n<li>Karton: 50 St\u00fcck. Einzelverpackung: 10 St\u00fcck. Einzeln bestellbar.<\/li>\n<\/ul>\n<p><strong>\u00a0<\/strong><\/p>\n<h4><span style=\"color: #5a6799;\"><strong>T-Shirt aus doppelt gestricktem Interlock-Rippstrick \u2013 perfekte Passform und strapazierf\u00e4hig<\/strong><\/span><\/h4>\n<p>Unser Interlock-T-Shirt ist f\u00fcr Damen und Herren geeignet und auch in Kindergr\u00f6\u00dfen erh\u00e4ltlich. Es hat einen Rundhalsausschnitt, Doppeln\u00e4hte und einen schmalen Rippstrickkragen. Der leicht taillierte Schnitt schmiegt sich perfekt an den K\u00f6rper an und macht das Shirt f\u00fcr verschiedene Figurtypen geeignet. Die \u00c4rmel enden knapp \u00fcber dem Oberarm. Das Shirt verf\u00fcgt \u00fcber Seitenn\u00e4hte und einen verst\u00e4rkten Halsausschnitt.<\/p>\n<p>Dieses T-Shirt besteht aus 1001 % Bio-Baumwolle (gek\u00e4mmt und enzymgewaschen) und ist daher besonders weich und strapazierf\u00e4hig. Der Jersey-Interlock-Stoff ist zwar etwas schwerer, f\u00fchlt sich aber dennoch weich an, f\u00e4llt sch\u00f6n und hat eine wunderbar glatte Oberfl\u00e4che.<\/p>\n<h4><span style=\"color: #5a6799;\"><strong>Materialangaben<\/strong><\/span><\/h4>\n<p>Qualit\u00e4t: 1001 TP3T Bio-Baumwolle, gek\u00e4mmt und enzymgewaschen. Unsere Baumwolle ist umweltfreundlich, stammt aus kontrolliert biologischem Anbau ohne sch\u00e4dliche Chemikalien und wird unter verantwortungsvollen Bedingungen produziert.<\/p>\n<p>Der Stoff ist Interlock, 200 g\/m\u00b2. Interlock-Jersey ist ein doppelt gestrickter Stoff. Beide Seiten sind fest gestrickt und somit identisch. Dies sorgt f\u00fcr gute Dehnbarkeit und zus\u00e4tzliche Strapazierf\u00e4higkeit. Interlock-Jersey ist etwas schwerer als Single-Jersey. Interlock-Rippstrick ist etwas weniger dehnbar als Single-Rippstrick, aber dennoch weich und robust. Ein weiterer Vorteil von Interlock ist, dass der Stoff nicht einrollt und auch nach mehrmaligem Waschen formstabil bleibt. Er ist atmungsaktiv. Trotz der dichteren Struktur bleibt viel Luft zwischen den Fasern eingeschlossen. Dadurch isoliert der Stoff hervorragend.<\/p>\n<p>Das Gewicht von 200 g\/m\u00b2 deutet auf eine h\u00f6here Qualit\u00e4t hin. Das T-Shirt f\u00fchlt sich hochwertig, aber dennoch leicht und weich an.<\/p>\n<h4><span style=\"color: #5a6799;\"><strong>Druck-, Stick- und Beschriftungsm\u00f6glichkeiten<\/strong><\/span><\/h4>\n<p>Unser gesamtes Sortiment eignet sich f\u00fcr B2B, Merchandising und Private Label. Sie m\u00f6chten unbedruckte Kleidung bestellen, diese mit Ihrem eigenen Design bedrucken lassen oder ben\u00f6tigen Druckvorlagen zum Selbstaufbringen? Das Team von Labelfree unterst\u00fctzt Sie dabei in jedem Schritt.<\/p>\n<p>Labelfree bietet eine Vielzahl professioneller Druckoptionen, darunter Transferdruck, DTF-Druck, Siebdruck und Stickerei. Sie k\u00f6nnen beispielsweise auch Ihre eigenen Nackenaufdrucke und Etiketten auf den \u00c4rmel drucken lassen.<\/p>\n<p>Ben\u00f6tigen Sie Hilfe bei Ihrem eigenen Design? Unsere Grafikdesigner unterst\u00fctzen Sie gerne. So stellen wir sicher, dass das Endprodukt perfekt auf Ihre Bed\u00fcrfnisse zugeschnitten ist. Sie erhalten immer zun\u00e4chst ein kostenloses, visuelles Angebot. Kontaktieren Sie uns, um die M\u00f6glichkeiten zur Erstellung Ihrer eigenen Kollektion zu erkunden.<\/p>\n<p>&nbsp;<\/p>\n<p>Gr\u00f6\u00dfentabelle<\/p>\n<p><img decoding=\"async\" class=\"alignnone wp-image-66755\" src=\"https:\/\/labelfree.nl\/wp-content\/uploads\/2026\/03\/000303_Uni_Style-300x34.png\" alt=\"\" width=\"582\" height=\"66\" srcset=\"https:\/\/labelfree.nl\/wp-content\/uploads\/2026\/03\/000303_Uni_Style-300x34.png 300w, https:\/\/labelfree.nl\/wp-content\/uploads\/2026\/03\/000303_Uni_Style-1030x117.png 1030w, https:\/\/labelfree.nl\/wp-content\/uploads\/2026\/03\/000303_Uni_Style-768x88.png 768w, https:\/\/labelfree.nl\/wp-content\/uploads\/2026\/03\/000303_Uni_Style-1536x175.png 1536w, https:\/\/labelfree.nl\/wp-content\/uploads\/2026\/03\/000303_Uni_Style-18x2.png 18w, https:\/\/labelfree.nl\/wp-content\/uploads\/2026\/03\/000303_Uni_Style-600x68.png 600w, https:\/\/labelfree.nl\/wp-content\/uploads\/2026\/03\/000303_Uni_Style.png 1675w\" sizes=\"(max-width: 582px) 100vw, 582px\" \/><\/p>\n<p>Pflegeanleitung<\/p>\n<p><img decoding=\"async\" class=\"alignnone wp-image-66756\" src=\"https:\/\/labelfree.nl\/wp-content\/uploads\/2026\/03\/Storm_washing_instructions_40_0.gif\" alt=\"\" width=\"166\" height=\"25\" \/><\/p>\n<h4><\/h4>","protected":false},"excerpt":{"rendered":"<p>T-shirt van interlock jersey, 200 g\/m\u00b2. Het shirt heeft een zachte feel en hoogwaardige kwaliteit. Comfortabele aansluitende snit. 100% Organic cotton. voor de juiste prijs en kleurweergave logt u in en klikt u op de kleur en maat &nbsp; t-shirt\u00a0Interlock dubbel gebreid\u00a0 100% Biologisch katoen. Interlock 200 g\/m\u00b2 Kwaliteit: 100% biologisch gekamd katoen, enzymgewassen Gewicht: [&hellip;]<\/p>\n","protected":false},"featured_media":53525,"template":"","meta":{"_acf_changed":false},"product_brand":[],"product_cat":[19,46],"product_tag":[],"class_list":{"0":"post-61288","1":"product","2":"type-product","3":"status-publish","4":"has-post-thumbnail","6":"product_cat-t-shirts","7":"product_cat-t-shirts-crew-neck","9":"first","10":"outofstock","11":"taxable","12":"shipping-taxable","13":"purchasable","14":"product-type-variable"},"acf":[],"yoast_head":"<!-- This site is optimized with the Yoast SEO plugin v27.4 - https:\/\/yoast.com\/product\/yoast-seo-wordpress\/ -->\n<title>Blanco T-shirt Interlock 200 g\/m\u00b2 van 100% biologisch katoen. B2B<\/title>\n<meta name=\"description\" content=\"Blanco T-shirt van 100% biologisch katoen (200 g\/m\u00b2 interlock). Perfect voor bedrukken en groothandel. Hoge kwaliteit, duurzaam en direct leverbaar.\" \/>\n<meta name=\"robots\" content=\"index, follow, max-snippet:-1, max-image-preview:large, max-video-preview:-1\" \/>\n<link rel=\"canonical\" href=\"https:\/\/labelfree.nl\/de\/produkt\/blanko-t-shirt-200-g-m\u00b2-bio-baumwolle-interlock-druck\/\" \/>\n<meta property=\"og:locale\" content=\"de_DE\" \/>\n<meta property=\"og:type\" content=\"article\" \/>\n<meta property=\"og:title\" content=\"Blanco T-shirt Interlock 200 g\/m\u00b2 van 100% biologisch katoen. B2B\" \/>\n<meta property=\"og:description\" content=\"Blanco T-shirt van 100% biologisch katoen (200 g\/m\u00b2 interlock). Perfect voor bedrukken en groothandel. Hoge kwaliteit, duurzaam en direct leverbaar.\" \/>\n<meta property=\"og:url\" content=\"https:\/\/labelfree.nl\/de\/produkt\/blanko-t-shirt-200-g-m\u00b2-bio-baumwolle-interlock-druck\/\" \/>\n<meta property=\"og:site_name\" content=\"Labelfree\" \/>\n<meta property=\"article:modified_time\" content=\"2026-03-18T09:12:17+00:00\" \/>\n<meta property=\"og:image\" content=\"https:\/\/labelfree.nl\/wp-content\/uploads\/2024\/10\/000303_Uni_Style_01-1.jpg\" \/>\n\t<meta property=\"og:image:width\" content=\"1280\" \/>\n\t<meta property=\"og:image:height\" content=\"1920\" \/>\n\t<meta property=\"og:image:type\" content=\"image\/jpeg\" \/>\n<meta name=\"twitter:card\" content=\"summary_large_image\" \/>\n<meta name=\"twitter:label1\" content=\"Gesch\u00e4tzte Lesezeit\" \/>\n\t<meta name=\"twitter:data1\" content=\"4\u00a0Minuten\" \/>\n<script type=\"application\/ld+json\" class=\"yoast-schema-graph\">{\"@context\":\"https:\\\/\\\/schema.org\",\"@graph\":[{\"@type\":\"WebPage\",\"@id\":\"https:\\\/\\\/labelfree.nl\\\/product\\\/blanco-tshirt-200gm2-biologisch-katoen-interlock-bedrukken\\\/\",\"url\":\"https:\\\/\\\/labelfree.nl\\\/product\\\/blanco-tshirt-200gm2-biologisch-katoen-interlock-bedrukken\\\/\",\"name\":\"Blanco T-shirt Interlock 200 g\\\/m\u00b2 van 100% biologisch katoen. B2B\",\"isPartOf\":{\"@id\":\"https:\\\/\\\/labelfree.nl\\\/#website\"},\"primaryImageOfPage\":{\"@id\":\"https:\\\/\\\/labelfree.nl\\\/product\\\/blanco-tshirt-200gm2-biologisch-katoen-interlock-bedrukken\\\/#primaryimage\"},\"image\":{\"@id\":\"https:\\\/\\\/labelfree.nl\\\/product\\\/blanco-tshirt-200gm2-biologisch-katoen-interlock-bedrukken\\\/#primaryimage\"},\"thumbnailUrl\":\"https:\\\/\\\/labelfree.nl\\\/wp-content\\\/uploads\\\/2024\\\/10\\\/000303_Uni_Style_01-1.jpg\",\"datePublished\":\"2026-03-06T09:06:35+00:00\",\"dateModified\":\"2026-03-18T09:12:17+00:00\",\"description\":\"Blanco T-shirt van 100% biologisch katoen (200 g\\\/m\u00b2 interlock). Perfect voor bedrukken en groothandel. Hoge kwaliteit, duurzaam en direct leverbaar.\",\"breadcrumb\":{\"@id\":\"https:\\\/\\\/labelfree.nl\\\/product\\\/blanco-tshirt-200gm2-biologisch-katoen-interlock-bedrukken\\\/#breadcrumb\"},\"inLanguage\":\"de\",\"potentialAction\":[{\"@type\":\"ReadAction\",\"target\":[\"https:\\\/\\\/labelfree.nl\\\/product\\\/blanco-tshirt-200gm2-biologisch-katoen-interlock-bedrukken\\\/\"]}]},{\"@type\":\"ImageObject\",\"inLanguage\":\"de\",\"@id\":\"https:\\\/\\\/labelfree.nl\\\/product\\\/blanco-tshirt-200gm2-biologisch-katoen-interlock-bedrukken\\\/#primaryimage\",\"url\":\"https:\\\/\\\/labelfree.nl\\\/wp-content\\\/uploads\\\/2024\\\/10\\\/000303_Uni_Style_01-1.jpg\",\"contentUrl\":\"https:\\\/\\\/labelfree.nl\\\/wp-content\\\/uploads\\\/2024\\\/10\\\/000303_Uni_Style_01-1.jpg\",\"width\":1280,\"height\":1920},{\"@type\":\"BreadcrumbList\",\"@id\":\"https:\\\/\\\/labelfree.nl\\\/product\\\/blanco-tshirt-200gm2-biologisch-katoen-interlock-bedrukken\\\/#breadcrumb\",\"itemListElement\":[{\"@type\":\"ListItem\",\"position\":1,\"name\":\"Home\",\"item\":\"https:\\\/\\\/labelfree.nl\\\/\"},{\"@type\":\"ListItem\",\"position\":2,\"name\":\"Webshop\",\"item\":\"https:\\\/\\\/labelfree.nl\\\/webshop\\\/\"},{\"@type\":\"ListItem\",\"position\":3,\"name\":\"blanco t-shirt dubbelgebreid (interlock) 200 g\\\/m\u00b2 100% katoen\"}]},{\"@type\":\"WebSite\",\"@id\":\"https:\\\/\\\/labelfree.nl\\\/#website\",\"url\":\"https:\\\/\\\/labelfree.nl\\\/\",\"name\":\"Labelfree\",\"description\":\"Brandless quality\",\"potentialAction\":[{\"@type\":\"SearchAction\",\"target\":{\"@type\":\"EntryPoint\",\"urlTemplate\":\"https:\\\/\\\/labelfree.nl\\\/?s={search_term_string}\"},\"query-input\":{\"@type\":\"PropertyValueSpecification\",\"valueRequired\":true,\"valueName\":\"search_term_string\"}}],\"inLanguage\":\"de\"}]}<\/script>\n<!-- \/ Yoast SEO plugin. -->","yoast_head_json":{"title":"Blanko-Interlock-T-Shirt, 200 g\/m\u00b2 Bio-Baumwolle (100%). B2B","description":"Unbedrucktes T-Shirt aus 100% Bio-Baumwolle (200 g\/m\u00b2 Interlock). Ideal zum Bedrucken und f\u00fcr den Gro\u00dfhandel. Hochwertig, langlebig und sofort lieferbar.","robots":{"index":"index","follow":"follow","max-snippet":"max-snippet:-1","max-image-preview":"max-image-preview:large","max-video-preview":"max-video-preview:-1"},"canonical":"https:\/\/labelfree.nl\/de\/produkt\/blanko-t-shirt-200-g-m\u00b2-bio-baumwolle-interlock-druck\/","og_locale":"de_DE","og_type":"article","og_title":"Blanco T-shirt Interlock 200 g\/m\u00b2 van 100% biologisch katoen. B2B","og_description":"Blanco T-shirt van 100% biologisch katoen (200 g\/m\u00b2 interlock). Perfect voor bedrukken en groothandel. Hoge kwaliteit, duurzaam en direct leverbaar.","og_url":"https:\/\/labelfree.nl\/de\/produkt\/blanko-t-shirt-200-g-m\u00b2-bio-baumwolle-interlock-druck\/","og_site_name":"Labelfree","article_modified_time":"2026-03-18T09:12:17+00:00","og_image":[{"width":1280,"height":1920,"url":"https:\/\/labelfree.nl\/wp-content\/uploads\/2024\/10\/000303_Uni_Style_01-1.jpg","type":"image\/jpeg"}],"twitter_card":"summary_large_image","twitter_misc":{"Gesch\u00e4tzte Lesezeit":"4\u00a0Minuten"},"schema":{"@context":"https:\/\/schema.org","@graph":[{"@type":"WebPage","@id":"https:\/\/labelfree.nl\/product\/blanco-tshirt-200gm2-biologisch-katoen-interlock-bedrukken\/","url":"https:\/\/labelfree.nl\/product\/blanco-tshirt-200gm2-biologisch-katoen-interlock-bedrukken\/","name":"Blanko-Interlock-T-Shirt, 200 g\/m\u00b2 Bio-Baumwolle (100%). B2B","isPartOf":{"@id":"https:\/\/labelfree.nl\/#website"},"primaryImageOfPage":{"@id":"https:\/\/labelfree.nl\/product\/blanco-tshirt-200gm2-biologisch-katoen-interlock-bedrukken\/#primaryimage"},"image":{"@id":"https:\/\/labelfree.nl\/product\/blanco-tshirt-200gm2-biologisch-katoen-interlock-bedrukken\/#primaryimage"},"thumbnailUrl":"https:\/\/labelfree.nl\/wp-content\/uploads\/2024\/10\/000303_Uni_Style_01-1.jpg","datePublished":"2026-03-06T09:06:35+00:00","dateModified":"2026-03-18T09:12:17+00:00","description":"Unbedrucktes T-Shirt aus 100% Bio-Baumwolle (200 g\/m\u00b2 Interlock). Ideal zum Bedrucken und f\u00fcr den Gro\u00dfhandel. Hochwertig, langlebig und sofort lieferbar.","breadcrumb":{"@id":"https:\/\/labelfree.nl\/product\/blanco-tshirt-200gm2-biologisch-katoen-interlock-bedrukken\/#breadcrumb"},"inLanguage":"de","potentialAction":[{"@type":"ReadAction","target":["https:\/\/labelfree.nl\/product\/blanco-tshirt-200gm2-biologisch-katoen-interlock-bedrukken\/"]}]},{"@type":"ImageObject","inLanguage":"de","@id":"https:\/\/labelfree.nl\/product\/blanco-tshirt-200gm2-biologisch-katoen-interlock-bedrukken\/#primaryimage","url":"https:\/\/labelfree.nl\/wp-content\/uploads\/2024\/10\/000303_Uni_Style_01-1.jpg","contentUrl":"https:\/\/labelfree.nl\/wp-content\/uploads\/2024\/10\/000303_Uni_Style_01-1.jpg","width":1280,"height":1920},{"@type":"BreadcrumbList","@id":"https:\/\/labelfree.nl\/product\/blanco-tshirt-200gm2-biologisch-katoen-interlock-bedrukken\/#breadcrumb","itemListElement":[{"@type":"ListItem","position":1,"name":"Home","item":"https:\/\/labelfree.nl\/"},{"@type":"ListItem","position":2,"name":"Webshop","item":"https:\/\/labelfree.nl\/webshop\/"},{"@type":"ListItem","position":3,"name":"blanco t-shirt dubbelgebreid (interlock) 200 g\/m\u00b2 100% katoen"}]},{"@type":"WebSite","@id":"https:\/\/labelfree.nl\/#website","url":"https:\/\/labelfree.nl\/","name":"Etikettenfrei","description":"Markenlose Qualit\u00e4t","potentialAction":[{"@type":"SearchAction","target":{"@type":"EntryPoint","urlTemplate":"https:\/\/labelfree.nl\/?s={search_term_string}"},"query-input":{"@type":"PropertyValueSpecification","valueRequired":true,"valueName":"search_term_string"}}],"inLanguage":"de"}]}},"jetpack_sharing_enabled":true,"_links":{"self":[{"href":"https:\/\/labelfree.nl\/de\/wp-json\/wp\/v2\/product\/61288","targetHints":{"allow":["GET"]}}],"collection":[{"href":"https:\/\/labelfree.nl\/de\/wp-json\/wp\/v2\/product"}],"about":[{"href":"https:\/\/labelfree.nl\/de\/wp-json\/wp\/v2\/types\/product"}],"wp:featuredmedia":[{"embeddable":true,"href":"https:\/\/labelfree.nl\/de\/wp-json\/wp\/v2\/media\/53525"}],"wp:attachment":[{"href":"https:\/\/labelfree.nl\/de\/wp-json\/wp\/v2\/media?parent=61288"}],"wp:term":[{"taxonomy":"product_brand","embeddable":true,"href":"https:\/\/labelfree.nl\/de\/wp-json\/wp\/v2\/product_brand?post=61288"},{"taxonomy":"product_cat","embeddable":true,"href":"https:\/\/labelfree.nl\/de\/wp-json\/wp\/v2\/product_cat?post=61288"},{"taxonomy":"product_tag","embeddable":true,"href":"https:\/\/labelfree.nl\/de\/wp-json\/wp\/v2\/product_tag?post=61288"}],"curies":[{"name":"wp","href":"https:\/\/api.w.org\/{rel}","templated":true}]}}